{"id":1614,"date":"2025-01-07T12:23:21","date_gmt":"2025-01-07T11:23:21","guid":{"rendered":"https:\/\/procarline.de\/?page_id=1614"},"modified":"2025-01-08T12:02:34","modified_gmt":"2025-01-08T11:02:34","slug":"newsletter-registration","status":"publish","type":"page","link":"https:\/\/procarline.de\/en\/newsletter-anmeldung\/","title":{"rendered":"Newsletter registration"},"content":{"rendered":"<div data-elementor-type=\"wp-page\" data-elementor-id=\"1614\" class=\"elementor elementor-1614\" data-elementor-post-type=\"page\">\n\t\t\t\t\t\t<section class=\"elementor-section elementor-top-section elementor-element elementor-element-24eb7dcc elementor-section-boxed elementor-section-height-default elementor-section-height-default\" data-id=\"24eb7dcc\" data-element_type=\"section\" data-e-type=\"section\">\n\t\t\t\t\t\t<div class=\"elementor-container elementor-column-gap-default\">\n\t\t\t\t\t<div class=\"elementor-column elementor-col-100 elementor-top-column elementor-element elementor-element-2ad1faa7\" data-id=\"2ad1faa7\" data-element_type=\"column\" data-e-type=\"column\">\n\t\t\t<div class=\"elementor-widget-wrap elementor-element-populated\">\n\t\t\t\t\t\t<div class=\"elementor-element elementor-element-e2087d4 elementor-widget elementor-widget-text-editor\" data-id=\"e2087d4\" data-element_type=\"widget\" data-e-type=\"widget\" data-widget_type=\"text-editor.default\">\n\t\t\t\t<div class=\"elementor-widget-container\">\n\t\t\t\t\t\t\t\t\t<p>Would you like to be informed by us about important things (changes in the law, regulations or similar) and receive reminders about wheel changes and promotions? Then sign up for our newsletter. We send this out irregularly, about six times a year, and you can of course unsubscribe at any time.\u00a0<\/p><p><strong>Yes, I would like to receive the newsletter!<\/strong><\/p>\t\t\t\t\t\t\t\t<\/div>\n\t\t\t\t<\/div>\n\t\t\t\t<div class=\"elementor-element elementor-element-41d90a1b elementor-widget elementor-widget-text-editor\" data-id=\"41d90a1b\" data-element_type=\"widget\" data-e-type=\"widget\" data-widget_type=\"text-editor.default\">\n\t\t\t\t<div class=\"elementor-widget-container\">\n\t\t\t\t\t\t\t\t\t<iframe src=\"https:\/\/news.procarline.de\/hp\/0lGChsXemiNguyAWlSyCTA\/anmeldung\" height=\"400\" width=\"800\"><\/iframe>\t\t\t\t\t\t\t\t<\/div>\n\t\t\t\t<\/div>\n\t\t\t\t\t<\/div>\n\t\t<\/div>\n\t\t\t\t\t<\/div>\n\t\t<\/section>\n\t\t\t\t<\/div>","protected":false},"excerpt":{"rendered":"<p>Would you like to be informed by us about important things (changes in the law, regulations or similar) and receive reminders about wheel changes and promotions? Then sign up for our newsletter. We send this out irregularly, about six times a year, and you can of course unsubscribe at any time.  Yes, I would like to receive the newsletter!<\/p>","protected":false},"author":1,"featured_media":0,"parent":0,"menu_order":0,"comment_status":"closed","ping_status":"closed","template":"","meta":{"footnotes":""},"class_list":["post-1614","page","type-page","status-publish","hentry"],"yoast_head":"<!-- This site is optimized with the Yoast SEO plugin v27.3 - https:\/\/yoast.com\/product\/yoast-seo-wordpress\/ -->\n<title>Newsletter Anmeldung - PRO CARLINE<\/title>\n<meta name=\"robots\" content=\"index, follow, max-snippet:-1, max-image-preview:large, max-video-preview:-1\" \/>\n<link rel=\"canonical\" href=\"https:\/\/procarline.de\/en\/newsletter-registration\/\" \/>\n<meta property=\"og:locale\" content=\"en_US\" \/>\n<meta property=\"og:type\" content=\"article\" \/>\n<meta property=\"og:title\" content=\"Newsletter Anmeldung - PRO CARLINE\" \/>\n<meta property=\"og:description\" content=\"Sie m\u00f6chten von uns \u00fcber wichtige Dinge informiert werden (Gesetzes\u00e4nderungen, Regulierungen oder \u00e4hnliches) und Erinnerungen zum Radwechsel, sowie Aktionen erhalten? Dann tragen Sie sich gerne f\u00fcr unseren Newsletter ein. Diesen versenden wir unregelm\u00e4\u00dfig, etwa sechsmal im Jahr und Sie k\u00f6nnen sich selbstverst\u00e4ndlich jederzeit abmelden.\u00a0 Ja, ich m\u00f6chte den Newsletter empfangen!\" \/>\n<meta property=\"og:url\" content=\"https:\/\/procarline.de\/en\/newsletter-registration\/\" \/>\n<meta property=\"og:site_name\" content=\"PRO CARLINE\" \/>\n<meta property=\"article:publisher\" content=\"https:\/\/www.facebook.com\/procarline.de\" \/>\n<meta property=\"article:modified_time\" content=\"2025-01-08T11:02:34+00:00\" \/>\n<meta property=\"og:image\" content=\"https:\/\/procarline.de\/wp-content\/uploads\/procarline-hero-startseite.jpg\" \/>\n\t<meta property=\"og:image:width\" content=\"1920\" \/>\n\t<meta property=\"og:image:height\" content=\"1280\" \/>\n\t<meta property=\"og:image:type\" content=\"image\/jpeg\" \/>\n<meta name=\"twitter:card\" content=\"summary_large_image\" \/>\n<meta name=\"twitter:label1\" content=\"Est. reading time\" \/>\n\t<meta name=\"twitter:data1\" content=\"1 minute\" \/>\n<script type=\"application\/ld+json\" class=\"yoast-schema-graph\">{\"@context\":\"https:\\\/\\\/schema.org\",\"@graph\":[{\"@type\":\"WebPage\",\"@id\":\"https:\\\/\\\/procarline.de\\\/newsletter-anmeldung\\\/\",\"url\":\"https:\\\/\\\/procarline.de\\\/newsletter-anmeldung\\\/\",\"name\":\"Newsletter Anmeldung - PRO CARLINE\",\"isPartOf\":{\"@id\":\"https:\\\/\\\/procarline.de\\\/#website\"},\"datePublished\":\"2025-01-07T11:23:21+00:00\",\"dateModified\":\"2025-01-08T11:02:34+00:00\",\"breadcrumb\":{\"@id\":\"https:\\\/\\\/procarline.de\\\/newsletter-anmeldung\\\/#breadcrumb\"},\"inLanguage\":\"en-US\",\"potentialAction\":[{\"@type\":\"ReadAction\",\"target\":[\"https:\\\/\\\/procarline.de\\\/newsletter-anmeldung\\\/\"]}]},{\"@type\":\"BreadcrumbList\",\"@id\":\"https:\\\/\\\/procarline.de\\\/newsletter-anmeldung\\\/#breadcrumb\",\"itemListElement\":[{\"@type\":\"ListItem\",\"position\":1,\"name\":\"Startseite\",\"item\":\"https:\\\/\\\/procarline.de\\\/\"},{\"@type\":\"ListItem\",\"position\":2,\"name\":\"Newsletter Anmeldung\"}]},{\"@type\":\"WebSite\",\"@id\":\"https:\\\/\\\/procarline.de\\\/#website\",\"url\":\"https:\\\/\\\/procarline.de\\\/\",\"name\":\"PRO CARLINE\",\"description\":\"Die Autowerkstatt f\u00fcrs Besondere\",\"publisher\":{\"@id\":\"https:\\\/\\\/procarline.de\\\/#organization\"},\"alternateName\":\"PROCARLINE\",\"potentialAction\":[{\"@type\":\"SearchAction\",\"target\":{\"@type\":\"EntryPoint\",\"urlTemplate\":\"https:\\\/\\\/procarline.de\\\/?s={search_term_string}\"},\"query-input\":{\"@type\":\"PropertyValueSpecification\",\"valueRequired\":true,\"valueName\":\"search_term_string\"}}],\"inLanguage\":\"en-US\"},{\"@type\":\"Organization\",\"@id\":\"https:\\\/\\\/procarline.de\\\/#organization\",\"name\":\"PRO CARLINE\",\"alternateName\":\"PROCARLINE\",\"url\":\"https:\\\/\\\/procarline.de\\\/\",\"logo\":{\"@type\":\"ImageObject\",\"inLanguage\":\"en-US\",\"@id\":\"https:\\\/\\\/procarline.de\\\/#\\\/schema\\\/logo\\\/image\\\/\",\"url\":\"https:\\\/\\\/procarline.de\\\/wp-content\\\/uploads\\\/procarline-logo-blau-gelb.png\",\"contentUrl\":\"https:\\\/\\\/procarline.de\\\/wp-content\\\/uploads\\\/procarline-logo-blau-gelb.png\",\"width\":480,\"height\":260,\"caption\":\"PRO CARLINE\"},\"image\":{\"@id\":\"https:\\\/\\\/procarline.de\\\/#\\\/schema\\\/logo\\\/image\\\/\"},\"sameAs\":[\"https:\\\/\\\/www.facebook.com\\\/procarline.de\",\"https:\\\/\\\/www.instagram.com\\\/procarline\\\/\"]}]}<\/script>\n<!-- \/ Yoast SEO plugin. -->","yoast_head_json":{"title":"Newsletter registration - PRO CARLINE","robots":{"index":"index","follow":"follow","max-snippet":"max-snippet:-1","max-image-preview":"max-image-preview:large","max-video-preview":"max-video-preview:-1"},"canonical":"https:\/\/procarline.de\/en\/newsletter-registration\/","og_locale":"en_US","og_type":"article","og_title":"Newsletter Anmeldung - PRO CARLINE","og_description":"Sie m\u00f6chten von uns \u00fcber wichtige Dinge informiert werden (Gesetzes\u00e4nderungen, Regulierungen oder \u00e4hnliches) und Erinnerungen zum Radwechsel, sowie Aktionen erhalten? Dann tragen Sie sich gerne f\u00fcr unseren Newsletter ein. Diesen versenden wir unregelm\u00e4\u00dfig, etwa sechsmal im Jahr und Sie k\u00f6nnen sich selbstverst\u00e4ndlich jederzeit abmelden.\u00a0 Ja, ich m\u00f6chte den Newsletter empfangen!","og_url":"https:\/\/procarline.de\/en\/newsletter-registration\/","og_site_name":"PRO CARLINE","article_publisher":"https:\/\/www.facebook.com\/procarline.de","article_modified_time":"2025-01-08T11:02:34+00:00","og_image":[{"width":1920,"height":1280,"url":"https:\/\/procarline.de\/wp-content\/uploads\/procarline-hero-startseite.jpg","type":"image\/jpeg"}],"twitter_card":"summary_large_image","twitter_misc":{"Est. reading time":"1 minute"},"schema":{"@context":"https:\/\/schema.org","@graph":[{"@type":"WebPage","@id":"https:\/\/procarline.de\/newsletter-anmeldung\/","url":"https:\/\/procarline.de\/newsletter-anmeldung\/","name":"Newsletter registration - PRO CARLINE","isPartOf":{"@id":"https:\/\/procarline.de\/#website"},"datePublished":"2025-01-07T11:23:21+00:00","dateModified":"2025-01-08T11:02:34+00:00","breadcrumb":{"@id":"https:\/\/procarline.de\/newsletter-anmeldung\/#breadcrumb"},"inLanguage":"en-US","potentialAction":[{"@type":"ReadAction","target":["https:\/\/procarline.de\/newsletter-anmeldung\/"]}]},{"@type":"BreadcrumbList","@id":"https:\/\/procarline.de\/newsletter-anmeldung\/#breadcrumb","itemListElement":[{"@type":"ListItem","position":1,"name":"Startseite","item":"https:\/\/procarline.de\/"},{"@type":"ListItem","position":2,"name":"Newsletter Anmeldung"}]},{"@type":"WebSite","@id":"https:\/\/procarline.de\/#website","url":"https:\/\/procarline.de\/","name":"PRO CARLINE","description":"The garage for something special","publisher":{"@id":"https:\/\/procarline.de\/#organization"},"alternateName":"PROCARLINE","potentialAction":[{"@type":"SearchAction","target":{"@type":"EntryPoint","urlTemplate":"https:\/\/procarline.de\/?s={search_term_string}"},"query-input":{"@type":"PropertyValueSpecification","valueRequired":true,"valueName":"search_term_string"}}],"inLanguage":"en-US"},{"@type":"Organization","@id":"https:\/\/procarline.de\/#organization","name":"PRO CARLINE","alternateName":"PROCARLINE","url":"https:\/\/procarline.de\/","logo":{"@type":"ImageObject","inLanguage":"en-US","@id":"https:\/\/procarline.de\/#\/schema\/logo\/image\/","url":"https:\/\/procarline.de\/wp-content\/uploads\/procarline-logo-blau-gelb.png","contentUrl":"https:\/\/procarline.de\/wp-content\/uploads\/procarline-logo-blau-gelb.png","width":480,"height":260,"caption":"PRO CARLINE"},"image":{"@id":"https:\/\/procarline.de\/#\/schema\/logo\/image\/"},"sameAs":["https:\/\/www.facebook.com\/procarline.de","https:\/\/www.instagram.com\/procarline\/"]}]}},"_links":{"self":[{"href":"https:\/\/procarline.de\/en\/wp-json\/wp\/v2\/pages\/1614","targetHints":{"allow":["GET"]}}],"collection":[{"href":"https:\/\/procarline.de\/en\/wp-json\/wp\/v2\/pages"}],"about":[{"href":"https:\/\/procarline.de\/en\/wp-json\/wp\/v2\/types\/page"}],"author":[{"embeddable":true,"href":"https:\/\/procarline.de\/en\/wp-json\/wp\/v2\/users\/1"}],"replies":[{"embeddable":true,"href":"https:\/\/procarline.de\/en\/wp-json\/wp\/v2\/comments?post=1614"}],"version-history":[{"count":6,"href":"https:\/\/procarline.de\/en\/wp-json\/wp\/v2\/pages\/1614\/revisions"}],"predecessor-version":[{"id":1637,"href":"https:\/\/procarline.de\/en\/wp-json\/wp\/v2\/pages\/1614\/revisions\/1637"}],"wp:attachment":[{"href":"https:\/\/procarline.de\/en\/wp-json\/wp\/v2\/media?parent=1614"}],"curies":[{"name":"wp","href":"https:\/\/api.w.org\/{rel}","templated":true}]}}