{"id":1754,"date":"2025-04-02T08:55:32","date_gmt":"2025-04-02T06:55:32","guid":{"rendered":"https:\/\/procarline.de\/?page_id=1754"},"modified":"2025-04-07T16:58:18","modified_gmt":"2025-04-07T14:58:18","slug":"declaration-on-accessibility","status":"publish","type":"page","link":"https:\/\/procarline.de\/en\/erklaerung-zur-barrierefreiheit\/","title":{"rendered":"Declaration on accessibility"},"content":{"rendered":"<div data-elementor-type=\"wp-page\" data-elementor-id=\"1754\" class=\"elementor elementor-1754\" data-elementor-post-type=\"page\">\n\t\t\t\t\t\t<section class=\"elementor-section elementor-top-section elementor-element elementor-element-743dd691 elementor-section-boxed elementor-section-height-default elementor-section-height-default\" data-id=\"743dd691\" data-element_type=\"section\" data-e-type=\"section\">\n\t\t\t\t\t\t<div class=\"elementor-container elementor-column-gap-default\">\n\t\t\t\t\t<div class=\"elementor-column elementor-col-100 elementor-top-column elementor-element elementor-element-aad0a4a\" data-id=\"aad0a4a\" data-element_type=\"column\" data-e-type=\"column\">\n\t\t\t<div class=\"elementor-widget-wrap elementor-element-populated\">\n\t\t\t\t\t\t<div class=\"elementor-element elementor-element-71e6421 elementor-widget elementor-widget-text-editor\" data-id=\"71e6421\" data-element_type=\"widget\" data-e-type=\"widget\" data-widget_type=\"text-editor.default\">\n\t\t\t\t<div class=\"elementor-widget-container\">\n\t\t\t\t\t\t\t\t\t<p>As the website operator, we (Pro Carline Andr\u00e9 J\u00e4hne) endeavor to design the website in accordance with the relevant accessibility regulations. The following legal provisions apply to us:<\/p><p>Saxon Inclusion Act and the Accessible Websites Act<\/p><h2>Website<\/h2><p>This accessibility statement applies to the website\u00a0<a href=\"https:\/\/procarline.de\/en\/\">https:\/\/procarline.de\/<\/a>.<\/p><h2>Feedback and contact details<\/h2><p>Have you noticed any shortcomings in the accessibility of content on our website or do you have any comments or questions about accessibility? Please feel free to contact us at:<\/p><p>Pro Carline<br \/>Rosenstrasse 19<br \/>02708 Lawalde<br \/>info@procarline.de<br \/>+49 (0)3585 46 88 00<\/p><p><a href=\"https:\/\/procarline.de\/en\/contact\/\">https:\/\/procarline.de\/kontakt\/<\/a><\/p><h2>Status of compatibility with the requirements<\/h2><p>This website is not fully compliant with the accessibility regulations that apply to us. In detail:<\/p><h3>Incompatibility with accessibility legislation<\/h3><p class=\"\" data-start=\"1289\" data-end=\"1416\">The contents listed below are not compatible with the relevant legal regulations on accessibility:<\/p><ul data-start=\"1418\" data-end=\"2597\"><li class=\"\" data-start=\"1418\" data-end=\"1533\"><p class=\"\" data-start=\"1420\" data-end=\"1533\">Alternative texts for images and links are not consistently available or not sufficiently descriptive.<\/p><\/li><li class=\"\" data-start=\"1534\" data-end=\"1614\"><p class=\"\" data-start=\"1536\" data-end=\"1614\">Subtitles or transcripts for embedded videos (e.g. image films) are missing.<\/p><\/li><li class=\"\" data-start=\"1615\" data-end=\"1709\"><p class=\"\" data-start=\"1617\" data-end=\"1709\">Structuring of headings and content does not always meet semantic standards.<\/p><\/li><li class=\"\" data-start=\"1710\" data-end=\"1808\"><p class=\"\" data-start=\"1712\" data-end=\"1808\">Individual animations (e.g. image changes on the start page) can be perceived as annoying.<\/p><\/li><li class=\"\" data-start=\"1809\" data-end=\"1870\"><p class=\"\" data-start=\"1811\" data-end=\"1870\">Content in plain language is currently not offered.<\/p><\/li><li class=\"\" data-start=\"1871\" data-end=\"1970\"><p class=\"\" data-start=\"1873\" data-end=\"1970\">Form fields (e.g. in the partner area) do not contain a continuous label tag.<\/p><\/li><li class=\"\" data-start=\"1971\" data-end=\"2052\"><p class=\"\" data-start=\"1973\" data-end=\"2052\">Error messages in forms are not always communicated clearly.<\/p><\/li><li class=\"\" data-start=\"2053\" data-end=\"2113\"><p class=\"\" data-start=\"2055\" data-end=\"2113\">The HTML structure has some semantic deficiencies.<\/p><\/li><li class=\"\" data-start=\"2114\" data-end=\"2174\"><p class=\"\" data-start=\"2116\" data-end=\"2174\">Use with screen readers is limited in parts.<\/p><\/li><li class=\"\" data-start=\"2175\" data-end=\"2265\"><p class=\"\" data-start=\"2177\" data-end=\"2265\">Graphics and visual elements (e.g. infographics) can be perceived as distracting.<\/p><\/li><li class=\"\" data-start=\"2266\" data-end=\"2386\"><p class=\"\" data-start=\"2268\" data-end=\"2386\">Operation with a keyboard may be restricted in certain areas (e.g. navigation in drop-down menus).<\/p><\/li><li class=\"\" data-start=\"2387\" data-end=\"2464\"><p class=\"\" data-start=\"2389\" data-end=\"2464\">Color contrasts are sometimes insufficient, especially with hover effects.<\/p><\/li><li class=\"\" data-start=\"2465\" data-end=\"2597\"><p class=\"\" data-start=\"2467\" data-end=\"2597\">Not all information is offered via more than one sensory channel (e.g. visual only, without alternative description).<\/p><\/li><\/ul><h3>Disproportionate burden<\/h3><p>The following content is not made available barrier-free because this would result in a disproportionate burden for us:<\/p><p>To the best of our knowledge, there are no sections on this website for which an exception due to disproportionate burden pursuant to Article 5 of Directive (EU) 2016\/2102 is invoked.<\/p><h3>Barrier-free alternatives<\/h3><p>We provide the following accessible alternatives for our non-accessible content:<\/p><p>Meta descriptions for links and images<br \/>Elementor Ally extension for easy adjustment of font, contrast and colors<\/p><h3>Evaluation method<\/h3><p>The accessibility of the website was assessed by means of a manual visual check and by using automated tools (e.g. WAVE, Lighthouse) in combination with the Elementor Ally plugin to improve keyboard navigation.<\/p><p>We are happy to receive feedback from users in order to implement future optimizations in a targeted manner.<\/p><h2>Enforcement proceedings<\/h2><p>If you believe that you have been disadvantaged by the inadequate accessibility of our website, you can contact the responsible enforcement body. You can reach them at:<\/p><p>Representative of the Saxon State Government for the interests of people with disabilities<br \/>Albertstrasse 10<br \/>01097 Dresden<\/p><p>Postal address:<br \/>Archive Street 1<br \/>01097 Dresden<\/p><p>Phone: 0351 564-12161<br \/>Fax: 0351 564-12169<br \/>E-Mail:\u00a0<a href=\"mailto:info.behindertenbeauftragter@sk.sachsen.de\">info.behindertenbeauftragter@sk.sachsen.de<\/a><\/p><h2>Preparation of this accessibility statement<\/h2><p>This declaration was created on 04.04.2025.<\/p><p>The declaration was last reviewed on 04.04.2025.<\/p>\t\t\t\t\t\t\t\t<\/div>\n\t\t\t\t<\/div>\n\t\t\t\t\t<\/div>\n\t\t<\/div>\n\t\t\t\t\t<\/div>\n\t\t<\/section>\n\t\t\t\t<section class=\"elementor-section elementor-top-section elementor-element elementor-element-7743ab5 elementor-section-boxed elementor-section-height-default elementor-section-height-default\" data-id=\"7743ab5\" data-element_type=\"section\" data-e-type=\"section\">\n\t\t\t\t\t\t<div class=\"elementor-container elementor-column-gap-default\">\n\t\t\t\t\t<div class=\"elementor-column elementor-col-100 elementor-top-column elementor-element elementor-element-42fb5bc\" data-id=\"42fb5bc\" data-element_type=\"column\" data-e-type=\"column\">\n\t\t\t<div class=\"elementor-widget-wrap elementor-element-populated\">\n\t\t\t\t\t\t<div class=\"elementor-element elementor-element-cd59f1f elementor-widget elementor-widget-button\" data-id=\"cd59f1f\" data-element_type=\"widget\" data-e-type=\"widget\" data-widget_type=\"button.default\">\n\t\t\t\t<div class=\"elementor-widget-container\">\n\t\t\t\t\t\t\t\t\t<div class=\"elementor-button-wrapper\">\n\t\t\t\t\t<a class=\"elementor-button elementor-button-link elementor-size-sm\" href=\"https:\/\/procarline.de\/en\/about-us-in-simple-language\/\">\n\t\t\t\t\t\t<span class=\"elementor-button-content-wrapper\">\n\t\t\t\t\t\t\t\t\t<span class=\"elementor-button-text\">About us in simple language<\/span>\n\t\t\t\t\t<\/span>\n\t\t\t\t\t<\/a>\n\t\t\t\t<\/div>\n\t\t\t\t\t\t\t\t<\/div>\n\t\t\t\t<\/div>\n\t\t\t\t\t<\/div>\n\t\t<\/div>\n\t\t\t\t\t<\/div>\n\t\t<\/section>\n\t\t\t\t<\/div>","protected":false},"excerpt":{"rendered":"<p>Wir (Pro Carline Andr\u00e9 J\u00e4hne) als Websitebetreiber sind bem\u00fcht, die Website in Einklang mit den einschl\u00e4gigen Vorschriften zur Barrierefreiheit zu gestalten. F\u00fcr uns gelten folgende Rechtsvorschriften: S\u00e4chsisches Inklusionsgesetz und dem Barrierefreie-Websites-Gesetz Website Diese Erkl\u00e4rung zur Barrierefreiheit gilt f\u00fcr die Website\u00a0https:\/\/procarline.de\/. Feedback und Kontaktangaben Sind Ihnen M\u00e4ngel beim barrierefreien Zugang zu Inhalten auf unserer Website aufgefallen [&hellip;]<\/p>\n","protected":false},"author":1,"featured_media":0,"parent":0,"menu_order":0,"comment_status":"closed","ping_status":"closed","template":"","meta":{"footnotes":""},"class_list":["post-1754","page","type-page","status-publish","hentry"],"yoast_head":"<!-- This site is optimized with the Yoast SEO plugin v27.4 - https:\/\/yoast.com\/product\/yoast-seo-wordpress\/ -->\n<title>Erkl\u00e4rung zur Barrierefreiheit - PRO CARLINE<\/title>\n<meta name=\"robots\" content=\"index, follow, max-snippet:-1, max-image-preview:large, max-video-preview:-1\" \/>\n<link rel=\"canonical\" href=\"https:\/\/procarline.de\/en\/declaration-on-accessibility\/\" \/>\n<meta property=\"og:locale\" content=\"en_US\" \/>\n<meta property=\"og:type\" content=\"article\" \/>\n<meta property=\"og:title\" content=\"Erkl\u00e4rung zur Barrierefreiheit - PRO CARLINE\" \/>\n<meta property=\"og:description\" content=\"Wir (Pro Carline Andr\u00e9 J\u00e4hne) als Websitebetreiber sind bem\u00fcht, die Website in Einklang mit den einschl\u00e4gigen Vorschriften zur Barrierefreiheit zu gestalten. F\u00fcr uns gelten folgende Rechtsvorschriften: S\u00e4chsisches Inklusionsgesetz und dem Barrierefreie-Websites-Gesetz Website Diese Erkl\u00e4rung zur Barrierefreiheit gilt f\u00fcr die Website\u00a0https:\/\/procarline.de\/. Feedback und Kontaktangaben Sind Ihnen M\u00e4ngel beim barrierefreien Zugang zu Inhalten auf unserer Website aufgefallen [&hellip;]\" \/>\n<meta property=\"og:url\" content=\"https:\/\/procarline.de\/en\/declaration-on-accessibility\/\" \/>\n<meta property=\"og:site_name\" content=\"PRO CARLINE\" \/>\n<meta property=\"article:publisher\" content=\"https:\/\/www.facebook.com\/procarline.de\" \/>\n<meta property=\"article:modified_time\" content=\"2025-04-07T14:58:18+00:00\" \/>\n<meta property=\"og:image\" content=\"https:\/\/procarline.de\/wp-content\/uploads\/procarline-hero-startseite.jpg\" \/>\n\t<meta property=\"og:image:width\" content=\"1920\" \/>\n\t<meta property=\"og:image:height\" content=\"1280\" \/>\n\t<meta property=\"og:image:type\" content=\"image\/jpeg\" \/>\n<meta name=\"twitter:card\" content=\"summary_large_image\" \/>\n<meta name=\"twitter:label1\" content=\"Est. reading time\" \/>\n\t<meta name=\"twitter:data1\" content=\"3 minutes\" \/>\n<script type=\"application\/ld+json\" class=\"yoast-schema-graph\">{\"@context\":\"https:\\\/\\\/schema.org\",\"@graph\":[{\"@type\":\"WebPage\",\"@id\":\"https:\\\/\\\/procarline.de\\\/erklaerung-zur-barrierefreiheit\\\/\",\"url\":\"https:\\\/\\\/procarline.de\\\/erklaerung-zur-barrierefreiheit\\\/\",\"name\":\"Erkl\u00e4rung zur Barrierefreiheit - PRO CARLINE\",\"isPartOf\":{\"@id\":\"https:\\\/\\\/procarline.de\\\/#website\"},\"datePublished\":\"2025-04-02T06:55:32+00:00\",\"dateModified\":\"2025-04-07T14:58:18+00:00\",\"breadcrumb\":{\"@id\":\"https:\\\/\\\/procarline.de\\\/erklaerung-zur-barrierefreiheit\\\/#breadcrumb\"},\"inLanguage\":\"en-US\",\"potentialAction\":[{\"@type\":\"ReadAction\",\"target\":[\"https:\\\/\\\/procarline.de\\\/erklaerung-zur-barrierefreiheit\\\/\"]}]},{\"@type\":\"BreadcrumbList\",\"@id\":\"https:\\\/\\\/procarline.de\\\/erklaerung-zur-barrierefreiheit\\\/#breadcrumb\",\"itemListElement\":[{\"@type\":\"ListItem\",\"position\":1,\"name\":\"Startseite\",\"item\":\"https:\\\/\\\/procarline.de\\\/\"},{\"@type\":\"ListItem\",\"position\":2,\"name\":\"Erkl\u00e4rung zur Barrierefreiheit\"}]},{\"@type\":\"WebSite\",\"@id\":\"https:\\\/\\\/procarline.de\\\/#website\",\"url\":\"https:\\\/\\\/procarline.de\\\/\",\"name\":\"PRO CARLINE\",\"description\":\"Die Autowerkstatt f\u00fcrs Besondere\",\"publisher\":{\"@id\":\"https:\\\/\\\/procarline.de\\\/#organization\"},\"alternateName\":\"PROCARLINE\",\"potentialAction\":[{\"@type\":\"SearchAction\",\"target\":{\"@type\":\"EntryPoint\",\"urlTemplate\":\"https:\\\/\\\/procarline.de\\\/?s={search_term_string}\"},\"query-input\":{\"@type\":\"PropertyValueSpecification\",\"valueRequired\":true,\"valueName\":\"search_term_string\"}}],\"inLanguage\":\"en-US\"},{\"@type\":\"Organization\",\"@id\":\"https:\\\/\\\/procarline.de\\\/#organization\",\"name\":\"PRO CARLINE\",\"alternateName\":\"PROCARLINE\",\"url\":\"https:\\\/\\\/procarline.de\\\/\",\"logo\":{\"@type\":\"ImageObject\",\"inLanguage\":\"en-US\",\"@id\":\"https:\\\/\\\/procarline.de\\\/#\\\/schema\\\/logo\\\/image\\\/\",\"url\":\"https:\\\/\\\/procarline.de\\\/wp-content\\\/uploads\\\/procarline-logo-blau-gelb.png\",\"contentUrl\":\"https:\\\/\\\/procarline.de\\\/wp-content\\\/uploads\\\/procarline-logo-blau-gelb.png\",\"width\":480,\"height\":260,\"caption\":\"PRO CARLINE\"},\"image\":{\"@id\":\"https:\\\/\\\/procarline.de\\\/#\\\/schema\\\/logo\\\/image\\\/\"},\"sameAs\":[\"https:\\\/\\\/www.facebook.com\\\/procarline.de\",\"https:\\\/\\\/www.instagram.com\\\/procarline\\\/\"]}]}<\/script>\n<!-- \/ Yoast SEO plugin. -->","yoast_head_json":{"title":"Declaration on accessibility - PRO CARLINE","robots":{"index":"index","follow":"follow","max-snippet":"max-snippet:-1","max-image-preview":"max-image-preview:large","max-video-preview":"max-video-preview:-1"},"canonical":"https:\/\/procarline.de\/en\/declaration-on-accessibility\/","og_locale":"en_US","og_type":"article","og_title":"Erkl\u00e4rung zur Barrierefreiheit - PRO CARLINE","og_description":"Wir (Pro Carline Andr\u00e9 J\u00e4hne) als Websitebetreiber sind bem\u00fcht, die Website in Einklang mit den einschl\u00e4gigen Vorschriften zur Barrierefreiheit zu gestalten. F\u00fcr uns gelten folgende Rechtsvorschriften: S\u00e4chsisches Inklusionsgesetz und dem Barrierefreie-Websites-Gesetz Website Diese Erkl\u00e4rung zur Barrierefreiheit gilt f\u00fcr die Website\u00a0https:\/\/procarline.de\/. Feedback und Kontaktangaben Sind Ihnen M\u00e4ngel beim barrierefreien Zugang zu Inhalten auf unserer Website aufgefallen [&hellip;]","og_url":"https:\/\/procarline.de\/en\/declaration-on-accessibility\/","og_site_name":"PRO CARLINE","article_publisher":"https:\/\/www.facebook.com\/procarline.de","article_modified_time":"2025-04-07T14:58:18+00:00","og_image":[{"width":1920,"height":1280,"url":"https:\/\/procarline.de\/wp-content\/uploads\/procarline-hero-startseite.jpg","type":"image\/jpeg"}],"twitter_card":"summary_large_image","twitter_misc":{"Est. reading time":"3 minutes"},"schema":{"@context":"https:\/\/schema.org","@graph":[{"@type":"WebPage","@id":"https:\/\/procarline.de\/erklaerung-zur-barrierefreiheit\/","url":"https:\/\/procarline.de\/erklaerung-zur-barrierefreiheit\/","name":"Declaration on accessibility - PRO CARLINE","isPartOf":{"@id":"https:\/\/procarline.de\/#website"},"datePublished":"2025-04-02T06:55:32+00:00","dateModified":"2025-04-07T14:58:18+00:00","breadcrumb":{"@id":"https:\/\/procarline.de\/erklaerung-zur-barrierefreiheit\/#breadcrumb"},"inLanguage":"en-US","potentialAction":[{"@type":"ReadAction","target":["https:\/\/procarline.de\/erklaerung-zur-barrierefreiheit\/"]}]},{"@type":"BreadcrumbList","@id":"https:\/\/procarline.de\/erklaerung-zur-barrierefreiheit\/#breadcrumb","itemListElement":[{"@type":"ListItem","position":1,"name":"Startseite","item":"https:\/\/procarline.de\/"},{"@type":"ListItem","position":2,"name":"Erkl\u00e4rung zur Barrierefreiheit"}]},{"@type":"WebSite","@id":"https:\/\/procarline.de\/#website","url":"https:\/\/procarline.de\/","name":"PRO CARLINE","description":"The garage for something special","publisher":{"@id":"https:\/\/procarline.de\/#organization"},"alternateName":"PROCARLINE","potentialAction":[{"@type":"SearchAction","target":{"@type":"EntryPoint","urlTemplate":"https:\/\/procarline.de\/?s={search_term_string}"},"query-input":{"@type":"PropertyValueSpecification","valueRequired":true,"valueName":"search_term_string"}}],"inLanguage":"en-US"},{"@type":"Organization","@id":"https:\/\/procarline.de\/#organization","name":"PRO CARLINE","alternateName":"PROCARLINE","url":"https:\/\/procarline.de\/","logo":{"@type":"ImageObject","inLanguage":"en-US","@id":"https:\/\/procarline.de\/#\/schema\/logo\/image\/","url":"https:\/\/procarline.de\/wp-content\/uploads\/procarline-logo-blau-gelb.png","contentUrl":"https:\/\/procarline.de\/wp-content\/uploads\/procarline-logo-blau-gelb.png","width":480,"height":260,"caption":"PRO CARLINE"},"image":{"@id":"https:\/\/procarline.de\/#\/schema\/logo\/image\/"},"sameAs":["https:\/\/www.facebook.com\/procarline.de","https:\/\/www.instagram.com\/procarline\/"]}]}},"_links":{"self":[{"href":"https:\/\/procarline.de\/en\/wp-json\/wp\/v2\/pages\/1754","targetHints":{"allow":["GET"]}}],"collection":[{"href":"https:\/\/procarline.de\/en\/wp-json\/wp\/v2\/pages"}],"about":[{"href":"https:\/\/procarline.de\/en\/wp-json\/wp\/v2\/types\/page"}],"author":[{"embeddable":true,"href":"https:\/\/procarline.de\/en\/wp-json\/wp\/v2\/users\/1"}],"replies":[{"embeddable":true,"href":"https:\/\/procarline.de\/en\/wp-json\/wp\/v2\/comments?post=1754"}],"version-history":[{"count":10,"href":"https:\/\/procarline.de\/en\/wp-json\/wp\/v2\/pages\/1754\/revisions"}],"predecessor-version":[{"id":1825,"href":"https:\/\/procarline.de\/en\/wp-json\/wp\/v2\/pages\/1754\/revisions\/1825"}],"wp:attachment":[{"href":"https:\/\/procarline.de\/en\/wp-json\/wp\/v2\/media?parent=1754"}],"curies":[{"name":"wp","href":"https:\/\/api.w.org\/{rel}","templated":true}]}}