{"id":316,"date":"2024-09-16T14:23:03","date_gmt":"2024-09-16T12:23:03","guid":{"rendered":"https:\/\/procarline.de\/?page_id=316"},"modified":"2024-11-25T16:38:32","modified_gmt":"2024-11-25T15:38:32","slug":"automatic-transmission","status":"publish","type":"page","link":"https:\/\/procarline.de\/en\/leistungen\/automatik-getriebe\/","title":{"rendered":"Automatic gearbox"},"content":{"rendered":"<div data-elementor-type=\"wp-page\" data-elementor-id=\"316\" class=\"elementor elementor-316\" data-elementor-post-type=\"page\">\n\t\t\t\t\t\t<section class=\"elementor-section elementor-top-section elementor-element elementor-element-5ad2c37 elementor-section-boxed elementor-section-height-default elementor-section-height-default\" data-id=\"5ad2c37\" data-element_type=\"section\" data-e-type=\"section\">\n\t\t\t\t\t\t<div class=\"elementor-container elementor-column-gap-default\">\n\t\t\t\t\t<div class=\"elementor-column elementor-col-50 elementor-top-column elementor-element elementor-element-95a1e6e\" data-id=\"95a1e6e\" data-element_type=\"column\" data-e-type=\"column\">\n\t\t\t<div class=\"elementor-widget-wrap elementor-element-populated\">\n\t\t\t\t\t\t<div class=\"elementor-element elementor-element-74888f7 elementor-widget elementor-widget-heading\" data-id=\"74888f7\" data-element_type=\"widget\" data-e-type=\"widget\" data-widget_type=\"heading.default\">\n\t\t\t\t<div class=\"elementor-widget-container\">\n\t\t\t\t\t<h2 class=\"elementor-heading-title elementor-size-default\">We are your experts for automatic vehicles<\/h2>\t\t\t\t<\/div>\n\t\t\t\t<\/div>\n\t\t\t\t<div class=\"elementor-element elementor-element-5b4fbb7 elementor-widget elementor-widget-text-editor\" data-id=\"5b4fbb7\" data-element_type=\"widget\" data-e-type=\"widget\" data-widget_type=\"text-editor.default\">\n\t\t\t\t<div class=\"elementor-widget-container\">\n\t\t\t\t\t\t\t\t\t<p>The automatic transmission is at the heart of many modern vehicles and ensures a comfortable driving experience. However, this complex technology requires special care and expertise in order to function perfectly in the long term.\u00a0<\/p>\t\t\t\t\t\t\t\t<\/div>\n\t\t\t\t<\/div>\n\t\t\t\t<div class=\"elementor-element elementor-element-6be60e8 elementor-widget elementor-widget-text-editor\" data-id=\"6be60e8\" data-element_type=\"widget\" data-e-type=\"widget\" data-widget_type=\"text-editor.default\">\n\t\t\t\t<div class=\"elementor-widget-container\">\n\t\t\t\t\t\t\t\t\t<p>While many workshops only carry out basic work on automatic gearboxes, our service at <br \/>Pro Carline well beyond that.\u00a0<br \/><span style=\"color: var( --e-global-color-text );\">We are the <\/span><strong style=\"color: var( --e-global-color-text );\">Expert in the region<\/strong><span style=\"color: var( --e-global-color-text );\">when it comes to the maintenance, diagnosis and repair of automatic vehicles. With our <b>modern equipment and in-depth expertise<\/b> we are your best contact for all matters relating to automatic transmissions.<\/span><\/p>\t\t\t\t\t\t\t\t<\/div>\n\t\t\t\t<\/div>\n\t\t\t\t\t<\/div>\n\t\t<\/div>\n\t\t\t\t<div class=\"elementor-column elementor-col-50 elementor-top-column elementor-element elementor-element-2554061\" data-id=\"2554061\" data-element_type=\"column\" data-e-type=\"column\">\n\t\t\t<div class=\"elementor-widget-wrap elementor-element-populated\">\n\t\t\t\t\t\t<div class=\"elementor-element elementor-element-4247dc7 elementor-widget-tablet__width-inherit elementor-widget elementor-widget-image\" data-id=\"4247dc7\" data-element_type=\"widget\" data-e-type=\"widget\" data-widget_type=\"image.default\">\n\t\t\t\t<div class=\"elementor-widget-container\">\n\t\t\t\t\t\t\t\t\t\t\t\t\t\t\t<img fetchpriority=\"high\" decoding=\"async\" width=\"800\" height=\"534\" src=\"https:\/\/procarline.de\/wp-content\/uploads\/procarline-leistungen-automatikgetriebeoel-wechel-1024x683.jpg\" class=\"attachment-large size-large wp-image-1314\" alt=\"ProCarline - Automatic transmission\" srcset=\"https:\/\/procarline.de\/wp-content\/uploads\/procarline-leistungen-automatikgetriebeoel-wechel-1024x683.jpg 1024w, https:\/\/procarline.de\/wp-content\/uploads\/procarline-leistungen-automatikgetriebeoel-wechel-300x200.jpg 300w, https:\/\/procarline.de\/wp-content\/uploads\/procarline-leistungen-automatikgetriebeoel-wechel-768x512.jpg 768w, https:\/\/procarline.de\/wp-content\/uploads\/procarline-leistungen-automatikgetriebeoel-wechel.jpg 1280w\" sizes=\"(max-width: 800px) 100vw, 800px\" \/>\t\t\t\t\t\t\t\t\t\t\t\t\t\t\t<\/div>\n\t\t\t\t<\/div>\n\t\t\t\t\t<\/div>\n\t\t<\/div>\n\t\t\t\t\t<\/div>\n\t\t<\/section>\n\t\t\t\t<section class=\"elementor-section elementor-top-section elementor-element elementor-element-4cd03b5 elementor-section-boxed elementor-section-height-default elementor-section-height-default\" data-id=\"4cd03b5\" data-element_type=\"section\" data-e-type=\"section\">\n\t\t\t\t\t\t<div class=\"elementor-container elementor-column-gap-default\">\n\t\t\t\t\t<div class=\"elementor-column elementor-col-100 elementor-top-column elementor-element elementor-element-cf60ca1\" data-id=\"cf60ca1\" data-element_type=\"column\" data-e-type=\"column\">\n\t\t\t<div class=\"elementor-widget-wrap elementor-element-populated\">\n\t\t\t\t\t\t<div class=\"elementor-element elementor-element-b99a967 elementor-widget elementor-widget-heading\" data-id=\"b99a967\" data-element_type=\"widget\" data-e-type=\"widget\" data-widget_type=\"heading.default\">\n\t\t\t\t<div class=\"elementor-widget-container\">\n\t\t\t\t\t<h3 class=\"elementor-heading-title elementor-size-default\">Our comprehensive services for automatic transmissions<\/h3>\t\t\t\t<\/div>\n\t\t\t\t<\/div>\n\t\t\t\t<section class=\"elementor-section elementor-inner-section elementor-element elementor-element-45803e3 elementor-section-boxed elementor-section-height-default elementor-section-height-default\" data-id=\"45803e3\" data-element_type=\"section\" data-e-type=\"section\">\n\t\t\t\t\t\t<div class=\"elementor-container elementor-column-gap-default\">\n\t\t\t\t\t<div class=\"elementor-column elementor-col-100 elementor-inner-column elementor-element elementor-element-81eb604\" data-id=\"81eb604\" data-element_type=\"column\" data-e-type=\"column\" data-settings=\"{&quot;background_background&quot;:&quot;classic&quot;}\">\n\t\t\t<div class=\"elementor-widget-wrap elementor-element-populated\">\n\t\t\t\t\t\t<div class=\"elementor-element elementor-element-5cb9413 elementor-widget elementor-widget-heading\" data-id=\"5cb9413\" data-element_type=\"widget\" data-e-type=\"widget\" data-widget_type=\"heading.default\">\n\t\t\t\t<div class=\"elementor-widget-container\">\n\t\t\t\t\t<h5 class=\"elementor-heading-title elementor-size-default\">Our services in the field of driver assistance systems<\/h5>\t\t\t\t<\/div>\n\t\t\t\t<\/div>\n\t\t\t\t<div class=\"elementor-element elementor-element-aeeeb2e elementor-icon-list--layout-traditional elementor-list-item-link-full_width elementor-widget elementor-widget-icon-list\" data-id=\"aeeeb2e\" data-element_type=\"widget\" data-e-type=\"widget\" data-widget_type=\"icon-list.default\">\n\t\t\t\t<div class=\"elementor-widget-container\">\n\t\t\t\t\t\t\t<ul class=\"elementor-icon-list-items\">\n\t\t\t\t\t\t\t<li class=\"elementor-icon-list-item\">\n\t\t\t\t\t\t\t\t\t\t\t<span class=\"elementor-icon-list-icon\">\n\t\t\t\t\t\t\t<i aria-hidden=\"true\" class=\"fas fa-check\"><\/i>\t\t\t\t\t\t<\/span>\n\t\t\t\t\t\t\t\t\t\t<span class=\"elementor-icon-list-text\"><b>Oil change and gearbox flushing:<\/b> Regular <b>Oil change <\/b>and professional <b>Gearbox flushing <\/b>are essential to extend the service life of your automatic transmission and ensure smooth operation. Contaminated or <b>Old transmission oil can impair the shifting process and cause damage in the long term<\/b>. At Pro Carline, we use high-quality transmission oils and modern flushing methods to keep your transmission in top shape.<\/span>\n\t\t\t\t\t\t\t\t\t<\/li>\n\t\t\t\t\t\t\t\t<li class=\"elementor-icon-list-item\">\n\t\t\t\t\t\t\t\t\t\t\t<span class=\"elementor-icon-list-icon\">\n\t\t\t\t\t\t\t<i aria-hidden=\"true\" class=\"fas fa-check\"><\/i>\t\t\t\t\t\t<\/span>\n\t\t\t\t\t\t\t\t\t\t<span class=\"elementor-icon-list-text\"><b>Repair and replacement of transmission parts:<\/b> Should problems or damage occur despite regular maintenance, we are at your disposal with our <b>comprehensive repair service<\/b> at your side. Our experts identify the damage and carry out the necessary repairs or replacement of defective gearbox parts - always in close consultation with you and the customer. <b>taking into account the most economical solution<\/b>.<\/span>\n\t\t\t\t\t\t\t\t\t<\/li>\n\t\t\t\t\t\t\t\t<li class=\"elementor-icon-list-item\">\n\t\t\t\t\t\t\t\t\t\t\t<span class=\"elementor-icon-list-icon\">\n\t\t\t\t\t\t\t<i aria-hidden=\"true\" class=\"fas fa-check\"><\/i>\t\t\t\t\t\t<\/span>\n\t\t\t\t\t\t\t\t\t\t<span class=\"elementor-icon-list-text\"><strong>Precise diagnosis and troubleshooting:<\/strong> Thanks to our <b>modern diagnostic devices<\/b> we can detect even the smallest irregularities in the automatic transmission quickly and reliably. We analyze electronic error codes, check the shifting processes and identify mechanical problems. So we can <b>Intervene at an early stage<\/b> and avoid expensive consequential damage.<\/span>\n\t\t\t\t\t\t\t\t\t<\/li>\n\t\t\t\t\t\t<\/ul>\n\t\t\t\t\t\t<\/div>\n\t\t\t\t<\/div>\n\t\t\t\t\t<\/div>\n\t\t<\/div>\n\t\t\t\t\t<\/div>\n\t\t<\/section>\n\t\t\t\t\t<\/div>\n\t\t<\/div>\n\t\t\t\t\t<\/div>\n\t\t<\/section>\n\t\t\t\t<section class=\"elementor-section elementor-top-section elementor-element elementor-element-37c221f elementor-section-boxed elementor-section-height-default elementor-section-height-default\" data-id=\"37c221f\" data-element_type=\"section\" data-e-type=\"section\">\n\t\t\t\t\t\t<div class=\"elementor-container elementor-column-gap-default\">\n\t\t\t\t\t<div class=\"elementor-column elementor-col-100 elementor-top-column elementor-element elementor-element-d6d3617\" data-id=\"d6d3617\" data-element_type=\"column\" data-e-type=\"column\">\n\t\t\t<div class=\"elementor-widget-wrap elementor-element-populated\">\n\t\t\t\t\t\t<div class=\"elementor-element elementor-element-e7d8556 elementor-widget elementor-widget-template\" data-id=\"e7d8556\" data-element_type=\"widget\" data-e-type=\"widget\" data-widget_type=\"template.default\">\n\t\t\t\t<div class=\"elementor-widget-container\">\n\t\t\t\t\t\t\t<div class=\"elementor-template\">\n\t\t\t\t\t<div data-elementor-type=\"section\" data-elementor-id=\"432\" class=\"elementor elementor-432\" data-elementor-post-type=\"elementor_library\">\n\t\t\t\t\t<section class=\"elementor-section elementor-top-section elementor-element elementor-element-22f2a8b1 elementor-section-boxed elementor-section-height-default elementor-section-height-default\" data-id=\"22f2a8b1\" data-element_type=\"section\" data-e-type=\"section\">\n\t\t\t\t\t\t<div class=\"elementor-container elementor-column-gap-default\">\n\t\t\t\t\t<div class=\"elementor-column elementor-col-100 elementor-top-column elementor-element elementor-element-298649a8\" data-id=\"298649a8\" data-element_type=\"column\" data-e-type=\"column\">\n\t\t\t<div class=\"elementor-widget-wrap elementor-element-populated\">\n\t\t\t\t\t\t<div class=\"elementor-element elementor-element-5795aae elementor-cta--layout-image-right elementor-cta--mobile-layout-image-above elementor-cta--skin-classic elementor-animated-content elementor-bg-transform elementor-bg-transform-zoom-in elementor-invisible elementor-widget elementor-widget-call-to-action\" data-id=\"5795aae\" data-element_type=\"widget\" data-e-type=\"widget\" data-settings=\"{&quot;_animation&quot;:&quot;fadeIn&quot;}\" data-widget_type=\"call-to-action.default\">\n\t\t\t\t<div class=\"elementor-widget-container\">\n\t\t\t\t\t\t\t<div class=\"elementor-cta\">\n\t\t\t\t\t<div class=\"elementor-cta__bg-wrapper\">\n\t\t\t\t<div class=\"elementor-cta__bg elementor-bg\" style=\"background-image: url(https:\/\/procarline.de\/wp-content\/uploads\/procarline-ueber-uns-flotte-1024x683.jpg);\" role=\"img\" aria-label=\"procarline-about-us-fleet\"><\/div>\n\t\t\t\t<div class=\"elementor-cta__bg-overlay\"><\/div>\n\t\t\t<\/div>\n\t\t\t\t\t\t\t<div class=\"elementor-cta__content\">\n\t\t\t\t\n\t\t\t\t\t\t\t\t\t<h3 class=\"elementor-cta__title elementor-cta__content-item elementor-content-item\">\n\t\t\t\t\t\tfleet of vehicles? Then you've come to the right place!\t\t\t\t\t<\/h3>\n\t\t\t\t\n\t\t\t\t\t\t\t\t\t<div class=\"elementor-cta__description elementor-cta__content-item elementor-content-item\">\n\t\t\t\t\t\tWe offer this service not only to private customers, but also to corporate customers. Do you have a craft business or another small fleet of vehicles? We know what is important to you and have the right solution for you!\t\t\t\t\t<\/div>\n\t\t\t\t\n\t\t\t\t\t\t\t\t\t<div class=\"elementor-cta__button-wrapper elementor-cta__content-item elementor-content-item\">\n\t\t\t\t\t<a class=\"elementor-cta__button elementor-button elementor-size-md\" href=\"https:\/\/procarline.de\/en\/contact\/\" target=\"_blank\">\n\t\t\t\t\t\tContact us now\t\t\t\t\t<\/a>\n\t\t\t\t\t<\/div>\n\t\t\t\t\t\t\t<\/div>\n\t\t\t\t\t\t<\/div>\n\t\t\t\t\t\t<\/div>\n\t\t\t\t<\/div>\n\t\t\t\t\t<\/div>\n\t\t<\/div>\n\t\t\t\t\t<\/div>\n\t\t<\/section>\n\t\t\t\t<\/div>\n\t\t\t\t<\/div>\n\t\t\t\t\t\t<\/div>\n\t\t\t\t<\/div>\n\t\t\t\t\t<\/div>\n\t\t<\/div>\n\t\t\t\t\t<\/div>\n\t\t<\/section>\n\t\t\t\t<\/div>","protected":false},"excerpt":{"rendered":"<p>Wir sind Ihr Experte f\u00fcr Automatik-Fahrzeuge Das Automatikgetriebe ist das Herzst\u00fcck vieler moderner Fahrzeuge und sorgt f\u00fcr ein komfortables Fahrerlebnis. Doch gerade diese komplexe Technik erfordert spezielle Pflege und Fachwissen, um langfristig einwandfrei zu funktionieren.\u00a0 W\u00e4hrend viele Werkst\u00e4tten nur grundlegende Arbeiten an Automatikgetrieben vornehmen, geht unser Service bei Pro Carline deutlich dar\u00fcber hinaus.\u00a0Wir sind der [&hellip;]<\/p>\n","protected":false},"author":1,"featured_media":1315,"parent":102,"menu_order":0,"comment_status":"closed","ping_status":"closed","template":"","meta":{"footnotes":""},"class_list":["post-316","page","type-page","status-publish","has-post-thumbnail","hentry"],"yoast_head":"<!-- This site is optimized with the Yoast SEO plugin v27.4 - https:\/\/yoast.com\/product\/yoast-seo-wordpress\/ -->\n<title>Automatik-Getriebe - PRO CARLINE<\/title>\n<meta name=\"robots\" content=\"index, follow, max-snippet:-1, max-image-preview:large, max-video-preview:-1\" \/>\n<link rel=\"canonical\" href=\"https:\/\/procarline.de\/en\/services\/automatic-transmission\/\" \/>\n<meta property=\"og:locale\" content=\"en_US\" \/>\n<meta property=\"og:type\" content=\"article\" \/>\n<meta property=\"og:title\" content=\"Automatik-Getriebe - PRO CARLINE\" \/>\n<meta property=\"og:description\" content=\"Wir sind Ihr Experte f\u00fcr Automatik-Fahrzeuge Das Automatikgetriebe ist das Herzst\u00fcck vieler moderner Fahrzeuge und sorgt f\u00fcr ein komfortables Fahrerlebnis. Doch gerade diese komplexe Technik erfordert spezielle Pflege und Fachwissen, um langfristig einwandfrei zu funktionieren.\u00a0 W\u00e4hrend viele Werkst\u00e4tten nur grundlegende Arbeiten an Automatikgetrieben vornehmen, geht unser Service bei Pro Carline deutlich dar\u00fcber hinaus.\u00a0Wir sind der [&hellip;]\" \/>\n<meta property=\"og:url\" content=\"https:\/\/procarline.de\/en\/services\/automatic-transmission\/\" \/>\n<meta property=\"og:site_name\" content=\"PRO CARLINE\" \/>\n<meta property=\"article:publisher\" content=\"https:\/\/www.facebook.com\/procarline.de\" \/>\n<meta property=\"article:modified_time\" content=\"2024-11-25T15:38:32+00:00\" \/>\n<meta property=\"og:image\" content=\"https:\/\/procarline.de\/wp-content\/uploads\/procarline-leistungen-automatikgetriebeoel-wechel-header.jpg\" \/>\n\t<meta property=\"og:image:width\" content=\"1920\" \/>\n\t<meta property=\"og:image:height\" content=\"250\" \/>\n\t<meta property=\"og:image:type\" content=\"image\/jpeg\" \/>\n<meta name=\"twitter:card\" content=\"summary_large_image\" \/>\n<meta name=\"twitter:label1\" content=\"Est. reading time\" \/>\n\t<meta name=\"twitter:data1\" content=\"3 minutes\" \/>\n<script type=\"application\/ld+json\" class=\"yoast-schema-graph\">{\"@context\":\"https:\\\/\\\/schema.org\",\"@graph\":[{\"@type\":\"WebPage\",\"@id\":\"https:\\\/\\\/procarline.de\\\/leistungen\\\/automatik-getriebe\\\/\",\"url\":\"https:\\\/\\\/procarline.de\\\/leistungen\\\/automatik-getriebe\\\/\",\"name\":\"Automatik-Getriebe - PRO CARLINE\",\"isPartOf\":{\"@id\":\"https:\\\/\\\/procarline.de\\\/#website\"},\"primaryImageOfPage\":{\"@id\":\"https:\\\/\\\/procarline.de\\\/leistungen\\\/automatik-getriebe\\\/#primaryimage\"},\"image\":{\"@id\":\"https:\\\/\\\/procarline.de\\\/leistungen\\\/automatik-getriebe\\\/#primaryimage\"},\"thumbnailUrl\":\"https:\\\/\\\/procarline.de\\\/wp-content\\\/uploads\\\/procarline-leistungen-automatikgetriebeoel-wechel-header.jpg\",\"datePublished\":\"2024-09-16T12:23:03+00:00\",\"dateModified\":\"2024-11-25T15:38:32+00:00\",\"breadcrumb\":{\"@id\":\"https:\\\/\\\/procarline.de\\\/leistungen\\\/automatik-getriebe\\\/#breadcrumb\"},\"inLanguage\":\"en-US\",\"potentialAction\":[{\"@type\":\"ReadAction\",\"target\":[\"https:\\\/\\\/procarline.de\\\/leistungen\\\/automatik-getriebe\\\/\"]}]},{\"@type\":\"ImageObject\",\"inLanguage\":\"en-US\",\"@id\":\"https:\\\/\\\/procarline.de\\\/leistungen\\\/automatik-getriebe\\\/#primaryimage\",\"url\":\"https:\\\/\\\/procarline.de\\\/wp-content\\\/uploads\\\/procarline-leistungen-automatikgetriebeoel-wechel-header.jpg\",\"contentUrl\":\"https:\\\/\\\/procarline.de\\\/wp-content\\\/uploads\\\/procarline-leistungen-automatikgetriebeoel-wechel-header.jpg\",\"width\":1920,\"height\":250},{\"@type\":\"BreadcrumbList\",\"@id\":\"https:\\\/\\\/procarline.de\\\/leistungen\\\/automatik-getriebe\\\/#breadcrumb\",\"itemListElement\":[{\"@type\":\"ListItem\",\"position\":1,\"name\":\"Startseite\",\"item\":\"https:\\\/\\\/procarline.de\\\/\"},{\"@type\":\"ListItem\",\"position\":2,\"name\":\"Leistungen\",\"item\":\"https:\\\/\\\/procarline.de\\\/leistungen\\\/\"},{\"@type\":\"ListItem\",\"position\":3,\"name\":\"Automatik-Getriebe\"}]},{\"@type\":\"WebSite\",\"@id\":\"https:\\\/\\\/procarline.de\\\/#website\",\"url\":\"https:\\\/\\\/procarline.de\\\/\",\"name\":\"PRO CARLINE\",\"description\":\"Die Autowerkstatt f\u00fcrs Besondere\",\"publisher\":{\"@id\":\"https:\\\/\\\/procarline.de\\\/#organization\"},\"alternateName\":\"PROCARLINE\",\"potentialAction\":[{\"@type\":\"SearchAction\",\"target\":{\"@type\":\"EntryPoint\",\"urlTemplate\":\"https:\\\/\\\/procarline.de\\\/?s={search_term_string}\"},\"query-input\":{\"@type\":\"PropertyValueSpecification\",\"valueRequired\":true,\"valueName\":\"search_term_string\"}}],\"inLanguage\":\"en-US\"},{\"@type\":\"Organization\",\"@id\":\"https:\\\/\\\/procarline.de\\\/#organization\",\"name\":\"PRO CARLINE\",\"alternateName\":\"PROCARLINE\",\"url\":\"https:\\\/\\\/procarline.de\\\/\",\"logo\":{\"@type\":\"ImageObject\",\"inLanguage\":\"en-US\",\"@id\":\"https:\\\/\\\/procarline.de\\\/#\\\/schema\\\/logo\\\/image\\\/\",\"url\":\"https:\\\/\\\/procarline.de\\\/wp-content\\\/uploads\\\/procarline-logo-blau-gelb.png\",\"contentUrl\":\"https:\\\/\\\/procarline.de\\\/wp-content\\\/uploads\\\/procarline-logo-blau-gelb.png\",\"width\":480,\"height\":260,\"caption\":\"PRO CARLINE\"},\"image\":{\"@id\":\"https:\\\/\\\/procarline.de\\\/#\\\/schema\\\/logo\\\/image\\\/\"},\"sameAs\":[\"https:\\\/\\\/www.facebook.com\\\/procarline.de\",\"https:\\\/\\\/www.instagram.com\\\/procarline\\\/\"]}]}<\/script>\n<!-- \/ Yoast SEO plugin. -->","yoast_head_json":{"title":"Automatic transmission - PRO CARLINE","robots":{"index":"index","follow":"follow","max-snippet":"max-snippet:-1","max-image-preview":"max-image-preview:large","max-video-preview":"max-video-preview:-1"},"canonical":"https:\/\/procarline.de\/en\/services\/automatic-transmission\/","og_locale":"en_US","og_type":"article","og_title":"Automatik-Getriebe - PRO CARLINE","og_description":"Wir sind Ihr Experte f\u00fcr Automatik-Fahrzeuge Das Automatikgetriebe ist das Herzst\u00fcck vieler moderner Fahrzeuge und sorgt f\u00fcr ein komfortables Fahrerlebnis. Doch gerade diese komplexe Technik erfordert spezielle Pflege und Fachwissen, um langfristig einwandfrei zu funktionieren.\u00a0 W\u00e4hrend viele Werkst\u00e4tten nur grundlegende Arbeiten an Automatikgetrieben vornehmen, geht unser Service bei Pro Carline deutlich dar\u00fcber hinaus.\u00a0Wir sind der [&hellip;]","og_url":"https:\/\/procarline.de\/en\/services\/automatic-transmission\/","og_site_name":"PRO CARLINE","article_publisher":"https:\/\/www.facebook.com\/procarline.de","article_modified_time":"2024-11-25T15:38:32+00:00","og_image":[{"width":1920,"height":250,"url":"https:\/\/procarline.de\/wp-content\/uploads\/procarline-leistungen-automatikgetriebeoel-wechel-header.jpg","type":"image\/jpeg"}],"twitter_card":"summary_large_image","twitter_misc":{"Est. reading time":"3 minutes"},"schema":{"@context":"https:\/\/schema.org","@graph":[{"@type":"WebPage","@id":"https:\/\/procarline.de\/leistungen\/automatik-getriebe\/","url":"https:\/\/procarline.de\/leistungen\/automatik-getriebe\/","name":"Automatic transmission - PRO CARLINE","isPartOf":{"@id":"https:\/\/procarline.de\/#website"},"primaryImageOfPage":{"@id":"https:\/\/procarline.de\/leistungen\/automatik-getriebe\/#primaryimage"},"image":{"@id":"https:\/\/procarline.de\/leistungen\/automatik-getriebe\/#primaryimage"},"thumbnailUrl":"https:\/\/procarline.de\/wp-content\/uploads\/procarline-leistungen-automatikgetriebeoel-wechel-header.jpg","datePublished":"2024-09-16T12:23:03+00:00","dateModified":"2024-11-25T15:38:32+00:00","breadcrumb":{"@id":"https:\/\/procarline.de\/leistungen\/automatik-getriebe\/#breadcrumb"},"inLanguage":"en-US","potentialAction":[{"@type":"ReadAction","target":["https:\/\/procarline.de\/leistungen\/automatik-getriebe\/"]}]},{"@type":"ImageObject","inLanguage":"en-US","@id":"https:\/\/procarline.de\/leistungen\/automatik-getriebe\/#primaryimage","url":"https:\/\/procarline.de\/wp-content\/uploads\/procarline-leistungen-automatikgetriebeoel-wechel-header.jpg","contentUrl":"https:\/\/procarline.de\/wp-content\/uploads\/procarline-leistungen-automatikgetriebeoel-wechel-header.jpg","width":1920,"height":250},{"@type":"BreadcrumbList","@id":"https:\/\/procarline.de\/leistungen\/automatik-getriebe\/#breadcrumb","itemListElement":[{"@type":"ListItem","position":1,"name":"Startseite","item":"https:\/\/procarline.de\/"},{"@type":"ListItem","position":2,"name":"Leistungen","item":"https:\/\/procarline.de\/leistungen\/"},{"@type":"ListItem","position":3,"name":"Automatik-Getriebe"}]},{"@type":"WebSite","@id":"https:\/\/procarline.de\/#website","url":"https:\/\/procarline.de\/","name":"PRO CARLINE","description":"The garage for something special","publisher":{"@id":"https:\/\/procarline.de\/#organization"},"alternateName":"PROCARLINE","potentialAction":[{"@type":"SearchAction","target":{"@type":"EntryPoint","urlTemplate":"https:\/\/procarline.de\/?s={search_term_string}"},"query-input":{"@type":"PropertyValueSpecification","valueRequired":true,"valueName":"search_term_string"}}],"inLanguage":"en-US"},{"@type":"Organization","@id":"https:\/\/procarline.de\/#organization","name":"PRO CARLINE","alternateName":"PROCARLINE","url":"https:\/\/procarline.de\/","logo":{"@type":"ImageObject","inLanguage":"en-US","@id":"https:\/\/procarline.de\/#\/schema\/logo\/image\/","url":"https:\/\/procarline.de\/wp-content\/uploads\/procarline-logo-blau-gelb.png","contentUrl":"https:\/\/procarline.de\/wp-content\/uploads\/procarline-logo-blau-gelb.png","width":480,"height":260,"caption":"PRO CARLINE"},"image":{"@id":"https:\/\/procarline.de\/#\/schema\/logo\/image\/"},"sameAs":["https:\/\/www.facebook.com\/procarline.de","https:\/\/www.instagram.com\/procarline\/"]}]}},"_links":{"self":[{"href":"https:\/\/procarline.de\/en\/wp-json\/wp\/v2\/pages\/316","targetHints":{"allow":["GET"]}}],"collection":[{"href":"https:\/\/procarline.de\/en\/wp-json\/wp\/v2\/pages"}],"about":[{"href":"https:\/\/procarline.de\/en\/wp-json\/wp\/v2\/types\/page"}],"author":[{"embeddable":true,"href":"https:\/\/procarline.de\/en\/wp-json\/wp\/v2\/users\/1"}],"replies":[{"embeddable":true,"href":"https:\/\/procarline.de\/en\/wp-json\/wp\/v2\/comments?post=316"}],"version-history":[{"count":35,"href":"https:\/\/procarline.de\/en\/wp-json\/wp\/v2\/pages\/316\/revisions"}],"predecessor-version":[{"id":1477,"href":"https:\/\/procarline.de\/en\/wp-json\/wp\/v2\/pages\/316\/revisions\/1477"}],"up":[{"embeddable":true,"href":"https:\/\/procarline.de\/en\/wp-json\/wp\/v2\/pages\/102"}],"wp:featuredmedia":[{"embeddable":true,"href":"https:\/\/procarline.de\/en\/wp-json\/wp\/v2\/media\/1315"}],"wp:attachment":[{"href":"https:\/\/procarline.de\/en\/wp-json\/wp\/v2\/media?parent=316"}],"curies":[{"name":"wp","href":"https:\/\/api.w.org\/{rel}","templated":true}]}}