{"id":1766,"date":"2025-04-02T09:47:57","date_gmt":"2025-04-02T07:47:57","guid":{"rendered":"https:\/\/procarline.de\/?page_id=1766"},"modified":"2026-02-04T11:40:39","modified_gmt":"2026-02-04T10:40:39","slug":"o-nas-w-prostym-jezyku","status":"publish","type":"page","link":"https:\/\/procarline.de\/pl\/ueber-uns-in-einfacher-sprache\/","title":{"rendered":"O nas w prostym j\u0119zyku"},"content":{"rendered":"<div data-elementor-type=\"wp-page\" data-elementor-id=\"1766\" class=\"elementor elementor-1766\" data-elementor-post-type=\"page\">\n\t\t\t\t\t\t<section class=\"elementor-section elementor-top-section elementor-element elementor-element-312803c elementor-section-boxed elementor-section-height-default elementor-section-height-default\" data-id=\"312803c\" data-element_type=\"section\" data-e-type=\"section\">\n\t\t\t\t\t\t<div class=\"elementor-container elementor-column-gap-default\">\n\t\t\t\t\t<div class=\"elementor-column elementor-col-100 elementor-top-column elementor-element elementor-element-0640be2\" data-id=\"0640be2\" data-element_type=\"column\" data-e-type=\"column\">\n\t\t\t<div class=\"elementor-widget-wrap elementor-element-populated\">\n\t\t\t\t\t\t<div class=\"elementor-element elementor-element-14137c9 elementor-widget elementor-widget-text-editor\" data-id=\"14137c9\" data-element_type=\"widget\" data-e-type=\"widget\" data-widget_type=\"text-editor.default\">\n\t\t\t\t<div class=\"elementor-widget-container\">\n\t\t\t\t\t\t\t\t\t<p class=\"\" data-start=\"429\" data-end=\"566\"><strong data-start=\"429\" data-end=\"444\">Pro Carline<\/strong> to warsztat samochodowy.<br data-start=\"469\" data-end=\"472\">Warsztaty odbywaj\u0105 si\u0119 w Lawalde.<br data-start=\"501\" data-end=\"504\">Lawalde znajduje si\u0119 w Saksonii.<br data-start=\"527\" data-end=\"530\">Lawalde znajduje si\u0119 w pobli\u017cu L\u00f6bau.<\/p>\n<p class=\"\" data-start=\"568\" data-end=\"752\">Nasz warsztat istnieje od 2000 roku.<br data-start=\"612\" data-end=\"615\">Pracujemy z samochodami od ponad 25 lat.<br data-start=\"658\" data-end=\"661\">Mamy du\u017ce do\u015bwiadczenie.<br data-start=\"686\" data-end=\"689\">Lubimy nasz\u0105 prac\u0119.<br data-start=\"713\" data-end=\"716\">Chcemy, aby Tw\u00f3j samoch\u00f3d dobrze si\u0119 prowadzi\u0142.<\/p>\n<hr class=\"\" data-start=\"754\" data-end=\"757\">\n<h2 class=\"\" data-start=\"759\" data-end=\"781\">Co jest dla nas wa\u017cne<\/h2>\n<p class=\"\" data-start=\"783\" data-end=\"827\"><strong data-start=\"783\" data-end=\"798\">Bezpiecze\u0144stwo:<\/strong><br data-start=\"798\" data-end=\"801\">Tw\u00f3j samoch\u00f3d powinien by\u0107 bezpieczny.<\/p>\n<p class=\"\" data-start=\"829\" data-end=\"930\"><strong data-start=\"829\" data-end=\"845\">Dobra robota:<\/strong><br data-start=\"845\" data-end=\"848\">Pracujemy precyzyjnie.<br data-start=\"867\" data-end=\"870\">U\u017cywamy dobrych cz\u0119\u015bci zamiennych.<br data-start=\"901\" data-end=\"904\">Nasze urz\u0105dzenia s\u0105 nowoczesne.<\/p>\n<p class=\"\" data-start=\"932\" data-end=\"1029\"><strong data-start=\"932\" data-end=\"948\">Uczciwo\u015b\u0107:<\/strong><br data-start=\"948\" data-end=\"951\">Powiemy ci wszystko szczeg\u00f3\u0142owo.<br data-start=\"979\" data-end=\"982\">Zawsze wiesz: Co zrobimy z twoim samochodem?<\/p>\n<p class=\"\" data-start=\"1031\" data-end=\"1111\"><strong data-start=\"1031\" data-end=\"1050\">\u017byczliwo\u015b\u0107:<\/strong><br data-start=\"1050\" data-end=\"1053\">S\u0142uchamy ci\u0119.<br data-start=\"1072\" data-end=\"1075\">Chcemy, aby\u015b by\u0142 zadowolony.<\/p>\n<hr class=\"\" data-start=\"1113\" data-end=\"1116\">\n<h2 class=\"\" data-start=\"1118\" data-end=\"1133\">Kim jeste\u015bmy<\/h2>\n<p class=\"\" data-start=\"1135\" data-end=\"1218\">Naszym szefem jest Andr\u00e9 J\u00e4hne.<br data-start=\"1164\" data-end=\"1167\">Jest ekspertem od samochod\u00f3w.<br data-start=\"1188\" data-end=\"1191\">M\u00f3wi\u0105: Mistrz mechaniki.<\/p>\n<p class=\"\" data-start=\"1220\" data-end=\"1322\">Jego \u017cona nazywa si\u0119 Susan J\u00e4hne.<br data-start=\"1249\" data-end=\"1252\">Pracuje w biurze.<br data-start=\"1273\" data-end=\"1276\">Na przyk\u0142ad wystawia faktury i umawia spotkania.<\/p>\n<p class=\"\" data-start=\"1324\" data-end=\"1402\">Pracujemy z dobrym zespo\u0142em.<br data-start=\"1358\" data-end=\"1361\">Wszyscy s\u0105 przyja\u017ani.<br data-start=\"1382\" data-end=\"1385\">Wszyscy ch\u0119tnie pomagaj\u0105.<\/p>\n<hr class=\"\" data-start=\"1404\" data-end=\"1407\">\n<h2 class=\"\" data-start=\"1409\" data-end=\"1424\">Wyr\u00f3\u017cnienie<\/h2>\n<p class=\"\" data-start=\"1426\" data-end=\"1574\">Otrzymali\u015bmy nagrod\u0119 w 2021 roku.<br data-start=\"1470\" data-end=\"1473\">Nagroda nosi nazw\u0119 German Workshop Award.<br data-start=\"1515\" data-end=\"1518\">Jeste\u015bmy jednym z 10 najlepszych warsztat\u00f3w w Niemczech.<\/p>\n<hr class=\"\" data-start=\"1576\" data-end=\"1579\">\n<h2 class=\"\" data-start=\"1581\" data-end=\"1601\">Nasze us\u0142ugi<\/h2>\n<p class=\"\" data-start=\"1603\" data-end=\"1638\">Wykonujemy wiele prac przy samochodach:<\/p>\n<ul data-start=\"1640\" data-end=\"2545\">\n<li class=\"\" data-start=\"1640\" data-end=\"1742\">\n<p class=\"\" data-start=\"1642\" data-end=\"1742\"><strong data-start=\"1642\" data-end=\"1656\">Naprawa:<\/strong><br data-start=\"1656\" data-end=\"1659\">Naprawiamy samochody.<br data-start=\"1682\" data-end=\"1685\">Znajdujemy b\u0142\u0119dy.<br data-start=\"1705\" data-end=\"1708\">Sprawiamy, \u017ce samoch\u00f3d zn\u00f3w jest ca\u0142y.<\/p>\n<\/li>\n<li class=\"\" data-start=\"1744\" data-end=\"1916\">\n<p class=\"\" data-start=\"1746\" data-end=\"1916\"><strong data-start=\"1746\" data-end=\"1784\">Przegl\u0105d g\u0142\u00f3wny i test emisji spalin:<\/strong><br data-start=\"1784\" data-end=\"1787\">Samoch\u00f3d musi by\u0107 sprawdzany co roku.<br data-start=\"1829\" data-end=\"1832\">Nazywa si\u0119 to egzaminem g\u0142\u00f3wnym.<br data-start=\"1867\" data-end=\"1870\">Test przeprowadzamy w naszym warsztacie.<\/p>\n<\/li>\n<li class=\"\" data-start=\"1918\" data-end=\"2043\">\n<p class=\"\" data-start=\"1920\" data-end=\"2043\"><strong data-start=\"1920\" data-end=\"1940\">Ustawienie k\u00f3\u0142:<\/strong><br data-start=\"1940\" data-end=\"1943\">Ko\u0142a musz\u0105 by\u0107 prawid\u0142owo ustawione.<br data-start=\"1977\" data-end=\"1980\">Nast\u0119pnie samoch\u00f3d jedzie bezpiecznie.<br data-start=\"2009\" data-end=\"2012\">A opony wytrzymuj\u0105 d\u0142u\u017cej.<\/p>\n<\/li>\n<li class=\"\" data-start=\"2045\" data-end=\"2170\">\n<p class=\"\" data-start=\"2047\" data-end=\"2170\"><strong data-start=\"2047\" data-end=\"2074\">Konserwacja i kontrola:<\/strong><br data-start=\"2074\" data-end=\"2077\">Regularnie ogl\u0105damy samoch\u00f3d.<br data-start=\"2118\" data-end=\"2121\">W ten spos\u00f3b znajdujemy problemy, zanim co\u015b si\u0119 zepsuje.<\/p>\n<\/li>\n<li class=\"\" data-start=\"2172\" data-end=\"2328\">\n<p class=\"\" data-start=\"2174\" data-end=\"2328\"><strong data-start=\"2174\" data-end=\"2199\">Systemy wspomagania kierowcy:<\/strong><br data-start=\"2199\" data-end=\"2202\">Nowe samochody maj\u0105 wielu pomocnik\u00f3w.<br data-start=\"2234\" data-end=\"2237\">Na przyk\u0142ad: zachowaj dystans lub pozosta\u0144 na swoim pasie ruchu.<br data-start=\"2285\" data-end=\"2288\">Sprawdzamy, czy wszystko dzia\u0142a prawid\u0142owo.<\/p>\n<\/li>\n<li class=\"\" data-start=\"2330\" data-end=\"2433\">\n<p class=\"\" data-start=\"2332\" data-end=\"2433\"><strong data-start=\"2332\" data-end=\"2355\">Automatyczna skrzynia bieg\u00f3w:<\/strong><br data-start=\"2355\" data-end=\"2358\">Niekt\u00f3re samochody maj\u0105 automatyczn\u0105 skrzyni\u0119 bieg\u00f3w.<br data-start=\"2389\" data-end=\"2392\">Sprawdzamy i naprawiamy skrzyni\u0119 bieg\u00f3w.<\/p>\n<\/li>\n<li class=\"\" data-start=\"2435\" data-end=\"2545\">\n<p class=\"\" data-start=\"2437\" data-end=\"2545\"><strong data-start=\"2437\" data-end=\"2448\">Strojenie:<\/strong><br data-start=\"2448\" data-end=\"2451\">Sprawimy, \u017ce Tw\u00f3j samoch\u00f3d b\u0119dzie szybszy lub pi\u0119kniejszy.<br data-start=\"2496\" data-end=\"2499\">Na przyk\u0142ad: inne felgi, lepszy silnik.<\/p>\n<\/li>\n<\/ul>\n<hr class=\"\" data-start=\"2547\" data-end=\"2550\">\n<h2 class=\"\" data-start=\"2552\" data-end=\"2569\">Zr\u00f3wnowa\u017cony rozw\u00f3j<\/h2>\n<p class=\"\" data-start=\"2571\" data-end=\"2616\">Zr\u00f3wnowa\u017cony rozw\u00f3j oznacza:<br data-start=\"2592\" data-end=\"2595\">Dobre dla \u015brodowiska.<\/p>\n<p class=\"\" data-start=\"2618\" data-end=\"2674\">To dla nas wa\u017cne.<br data-start=\"2638\" data-end=\"2641\">Pracujemy w spos\u00f3b przyjazny dla \u015brodowiska.<\/p>\n<p class=\"\" data-start=\"2676\" data-end=\"2689\">Na przyk\u0142ad:<\/p>\n<ul data-start=\"2691\" data-end=\"2903\">\n<li class=\"\" data-start=\"2691\" data-end=\"2768\">\n<p class=\"\" data-start=\"2693\" data-end=\"2768\">Nie zawsze wymieniamy wszystko.<br data-start=\"2728\" data-end=\"2731\">Czasami mo\u017cna co\u015b naprawi\u0107.<\/p>\n<\/li>\n<li class=\"\" data-start=\"2770\" data-end=\"2833\">\n<p class=\"\" data-start=\"2772\" data-end=\"2833\">U\u017cywamy nowoczesnego sprz\u0119tu.<br data-start=\"2800\" data-end=\"2803\">Oszcz\u0119dzaj\u0105 energi\u0119 elektryczn\u0105 i wod\u0119.<\/p>\n<\/li>\n<li class=\"\" data-start=\"2835\" data-end=\"2903\">\n<p class=\"\" data-start=\"2837\" data-end=\"2903\">Mniej piszemy na papierze.<br data-start=\"2870\" data-end=\"2873\">Wiele rzeczy robimy cyfrowo.<\/p>\n<\/li>\n<\/ul>\n<hr class=\"\" data-start=\"2905\" data-end=\"2908\">\n<h2 class=\"\" data-start=\"2910\" data-end=\"2920\">Skontaktuj si\u0119 z nami<\/h2>\n<p class=\"\" data-start=\"2922\" data-end=\"2971\">Chcesz nas odwiedzi\u0107?<br data-start=\"2948\" data-end=\"2951\">Mo\u017cna nas znale\u017a\u0107 tutaj:<\/p>\n<p class=\"\" data-start=\"2973\" data-end=\"3023\"><strong data-start=\"2973\" data-end=\"2988\">Pro Carline<\/strong><br data-start=\"2988\" data-end=\"2991\">Rosenstrasse 19<br data-start=\"3005\" data-end=\"3008\">02708 Lawalde<\/p>\n<p class=\"\" data-start=\"3025\" data-end=\"3114\"><strong data-start=\"3025\" data-end=\"3037\">Telefon:<\/strong> 03585 46 88 00<br data-start=\"3052\" data-end=\"3055\"><strong data-start=\"3055\" data-end=\"3066\">e-mail:<\/strong> <a rel=\"noopener\" data-start=\"3067\" data-end=\"3114\">info@procarline.de<\/a><\/p>\n<p class=\"\" data-start=\"3116\" data-end=\"3186\"><strong data-start=\"3116\" data-end=\"3135\">Godziny otwarcia:<\/strong><br data-start=\"3135\" data-end=\"3138\">Od poniedzia\u0142ku do pi\u0105tku<br data-start=\"3156\" data-end=\"3159\">od 07:00 do 18:00<\/p>\n<p class=\"\" data-start=\"3188\" data-end=\"3211\">Czekamy na Ciebie!<\/p>\t\t\t\t\t\t\t\t<\/div>\n\t\t\t\t<\/div>\n\t\t\t\t\t<\/div>\n\t\t<\/div>\n\t\t\t\t\t<\/div>\n\t\t<\/section>\n\t\t\t\t<\/div>","protected":false},"excerpt":{"rendered":"<p>Pro Carline ist eine Auto-Werkstatt.Die Werkstatt ist in Lawalde.Lawalde ist in Sachsen.Lawalde liegt in der N\u00e4he von L\u00f6bau. Es gibt unsere Werkstatt seit dem Jahr 2000.Wir arbeiten seit \u00fcber 25 Jahren mit Autos.Wir haben viel Erfahrung.Wir m\u00f6gen unsere Arbeit.Wir wollen, dass Ihr Auto gut f\u00e4hrt. Was uns wichtig ist Sicherheit:Ihr Auto soll sicher sein. Gute [&hellip;]<\/p>\n","protected":false},"author":1,"featured_media":0,"parent":0,"menu_order":0,"comment_status":"closed","ping_status":"closed","template":"","meta":{"footnotes":""},"class_list":["post-1766","page","type-page","status-publish","hentry"],"yoast_head":"<!-- This site is optimized with the Yoast SEO plugin v27.3 - https:\/\/yoast.com\/product\/yoast-seo-wordpress\/ -->\n<title>\u00dcber uns in einfacher Sprache - PRO CARLINE<\/title>\n<meta name=\"robots\" content=\"index, follow, max-snippet:-1, max-image-preview:large, max-video-preview:-1\" \/>\n<link rel=\"canonical\" href=\"https:\/\/procarline.de\/pl\/o-nas-w-prostym-jezyku\/\" \/>\n<meta property=\"og:locale\" content=\"pl_PL\" \/>\n<meta property=\"og:type\" content=\"article\" \/>\n<meta property=\"og:title\" content=\"\u00dcber uns in einfacher Sprache - PRO CARLINE\" \/>\n<meta property=\"og:description\" content=\"Pro Carline ist eine Auto-Werkstatt.Die Werkstatt ist in Lawalde.Lawalde ist in Sachsen.Lawalde liegt in der N\u00e4he von L\u00f6bau. Es gibt unsere Werkstatt seit dem Jahr 2000.Wir arbeiten seit \u00fcber 25 Jahren mit Autos.Wir haben viel Erfahrung.Wir m\u00f6gen unsere Arbeit.Wir wollen, dass Ihr Auto gut f\u00e4hrt. Was uns wichtig ist Sicherheit:Ihr Auto soll sicher sein. Gute [&hellip;]\" \/>\n<meta property=\"og:url\" content=\"https:\/\/procarline.de\/pl\/o-nas-w-prostym-jezyku\/\" \/>\n<meta property=\"og:site_name\" content=\"PRO CARLINE\" \/>\n<meta property=\"article:publisher\" content=\"https:\/\/www.facebook.com\/procarline.de\" \/>\n<meta property=\"article:modified_time\" content=\"2026-02-04T10:40:39+00:00\" \/>\n<meta property=\"og:image\" content=\"https:\/\/procarline.de\/wp-content\/uploads\/procarline-hero-startseite.jpg\" \/>\n\t<meta property=\"og:image:width\" content=\"1920\" \/>\n\t<meta property=\"og:image:height\" content=\"1280\" \/>\n\t<meta property=\"og:image:type\" content=\"image\/jpeg\" \/>\n<meta name=\"twitter:card\" content=\"summary_large_image\" \/>\n<meta name=\"twitter:label1\" content=\"Szacowany czas czytania\" \/>\n\t<meta name=\"twitter:data1\" content=\"3 minuty\" \/>\n<script type=\"application\/ld+json\" class=\"yoast-schema-graph\">{\"@context\":\"https:\\\/\\\/schema.org\",\"@graph\":[{\"@type\":\"WebPage\",\"@id\":\"https:\\\/\\\/procarline.de\\\/ueber-uns-in-einfacher-sprache\\\/\",\"url\":\"https:\\\/\\\/procarline.de\\\/ueber-uns-in-einfacher-sprache\\\/\",\"name\":\"\u00dcber uns in einfacher Sprache - PRO CARLINE\",\"isPartOf\":{\"@id\":\"https:\\\/\\\/procarline.de\\\/#website\"},\"datePublished\":\"2025-04-02T07:47:57+00:00\",\"dateModified\":\"2026-02-04T10:40:39+00:00\",\"breadcrumb\":{\"@id\":\"https:\\\/\\\/procarline.de\\\/ueber-uns-in-einfacher-sprache\\\/#breadcrumb\"},\"inLanguage\":\"pl-PL\",\"potentialAction\":[{\"@type\":\"ReadAction\",\"target\":[\"https:\\\/\\\/procarline.de\\\/ueber-uns-in-einfacher-sprache\\\/\"]}]},{\"@type\":\"BreadcrumbList\",\"@id\":\"https:\\\/\\\/procarline.de\\\/ueber-uns-in-einfacher-sprache\\\/#breadcrumb\",\"itemListElement\":[{\"@type\":\"ListItem\",\"position\":1,\"name\":\"Startseite\",\"item\":\"https:\\\/\\\/procarline.de\\\/\"},{\"@type\":\"ListItem\",\"position\":2,\"name\":\"\u00dcber uns in einfacher Sprache\"}]},{\"@type\":\"WebSite\",\"@id\":\"https:\\\/\\\/procarline.de\\\/#website\",\"url\":\"https:\\\/\\\/procarline.de\\\/\",\"name\":\"PRO CARLINE\",\"description\":\"Die Autowerkstatt f\u00fcrs Besondere\",\"publisher\":{\"@id\":\"https:\\\/\\\/procarline.de\\\/#organization\"},\"alternateName\":\"PROCARLINE\",\"potentialAction\":[{\"@type\":\"SearchAction\",\"target\":{\"@type\":\"EntryPoint\",\"urlTemplate\":\"https:\\\/\\\/procarline.de\\\/?s={search_term_string}\"},\"query-input\":{\"@type\":\"PropertyValueSpecification\",\"valueRequired\":true,\"valueName\":\"search_term_string\"}}],\"inLanguage\":\"pl-PL\"},{\"@type\":\"Organization\",\"@id\":\"https:\\\/\\\/procarline.de\\\/#organization\",\"name\":\"PRO CARLINE\",\"alternateName\":\"PROCARLINE\",\"url\":\"https:\\\/\\\/procarline.de\\\/\",\"logo\":{\"@type\":\"ImageObject\",\"inLanguage\":\"pl-PL\",\"@id\":\"https:\\\/\\\/procarline.de\\\/#\\\/schema\\\/logo\\\/image\\\/\",\"url\":\"https:\\\/\\\/procarline.de\\\/wp-content\\\/uploads\\\/procarline-logo-blau-gelb.png\",\"contentUrl\":\"https:\\\/\\\/procarline.de\\\/wp-content\\\/uploads\\\/procarline-logo-blau-gelb.png\",\"width\":480,\"height\":260,\"caption\":\"PRO CARLINE\"},\"image\":{\"@id\":\"https:\\\/\\\/procarline.de\\\/#\\\/schema\\\/logo\\\/image\\\/\"},\"sameAs\":[\"https:\\\/\\\/www.facebook.com\\\/procarline.de\",\"https:\\\/\\\/www.instagram.com\\\/procarline\\\/\"]}]}<\/script>\n<!-- \/ Yoast SEO plugin. -->","yoast_head_json":{"title":"O nas w prostym j\u0119zyku - PRO CARLINE","robots":{"index":"index","follow":"follow","max-snippet":"max-snippet:-1","max-image-preview":"max-image-preview:large","max-video-preview":"max-video-preview:-1"},"canonical":"https:\/\/procarline.de\/pl\/o-nas-w-prostym-jezyku\/","og_locale":"pl_PL","og_type":"article","og_title":"\u00dcber uns in einfacher Sprache - PRO CARLINE","og_description":"Pro Carline ist eine Auto-Werkstatt.Die Werkstatt ist in Lawalde.Lawalde ist in Sachsen.Lawalde liegt in der N\u00e4he von L\u00f6bau. Es gibt unsere Werkstatt seit dem Jahr 2000.Wir arbeiten seit \u00fcber 25 Jahren mit Autos.Wir haben viel Erfahrung.Wir m\u00f6gen unsere Arbeit.Wir wollen, dass Ihr Auto gut f\u00e4hrt. Was uns wichtig ist Sicherheit:Ihr Auto soll sicher sein. Gute [&hellip;]","og_url":"https:\/\/procarline.de\/pl\/o-nas-w-prostym-jezyku\/","og_site_name":"PRO CARLINE","article_publisher":"https:\/\/www.facebook.com\/procarline.de","article_modified_time":"2026-02-04T10:40:39+00:00","og_image":[{"width":1920,"height":1280,"url":"https:\/\/procarline.de\/wp-content\/uploads\/procarline-hero-startseite.jpg","type":"image\/jpeg"}],"twitter_card":"summary_large_image","twitter_misc":{"Szacowany czas czytania":"3 minuty"},"schema":{"@context":"https:\/\/schema.org","@graph":[{"@type":"WebPage","@id":"https:\/\/procarline.de\/ueber-uns-in-einfacher-sprache\/","url":"https:\/\/procarline.de\/ueber-uns-in-einfacher-sprache\/","name":"O nas w prostym j\u0119zyku - PRO CARLINE","isPartOf":{"@id":"https:\/\/procarline.de\/#website"},"datePublished":"2025-04-02T07:47:57+00:00","dateModified":"2026-02-04T10:40:39+00:00","breadcrumb":{"@id":"https:\/\/procarline.de\/ueber-uns-in-einfacher-sprache\/#breadcrumb"},"inLanguage":"pl-PL","potentialAction":[{"@type":"ReadAction","target":["https:\/\/procarline.de\/ueber-uns-in-einfacher-sprache\/"]}]},{"@type":"BreadcrumbList","@id":"https:\/\/procarline.de\/ueber-uns-in-einfacher-sprache\/#breadcrumb","itemListElement":[{"@type":"ListItem","position":1,"name":"Startseite","item":"https:\/\/procarline.de\/"},{"@type":"ListItem","position":2,"name":"\u00dcber uns in einfacher Sprache"}]},{"@type":"WebSite","@id":"https:\/\/procarline.de\/#website","url":"https:\/\/procarline.de\/","name":"PRO CARLINE","description":"Gara\u017c na co\u015b wyj\u0105tkowego","publisher":{"@id":"https:\/\/procarline.de\/#organization"},"alternateName":"PROCARLINE","potentialAction":[{"@type":"SearchAction","target":{"@type":"EntryPoint","urlTemplate":"https:\/\/procarline.de\/?s={search_term_string}"},"query-input":{"@type":"PropertyValueSpecification","valueRequired":true,"valueName":"search_term_string"}}],"inLanguage":"pl-PL"},{"@type":"Organization","@id":"https:\/\/procarline.de\/#organization","name":"PRO CARLINE","alternateName":"PROCARLINE","url":"https:\/\/procarline.de\/","logo":{"@type":"ImageObject","inLanguage":"pl-PL","@id":"https:\/\/procarline.de\/#\/schema\/logo\/image\/","url":"https:\/\/procarline.de\/wp-content\/uploads\/procarline-logo-blau-gelb.png","contentUrl":"https:\/\/procarline.de\/wp-content\/uploads\/procarline-logo-blau-gelb.png","width":480,"height":260,"caption":"PRO CARLINE"},"image":{"@id":"https:\/\/procarline.de\/#\/schema\/logo\/image\/"},"sameAs":["https:\/\/www.facebook.com\/procarline.de","https:\/\/www.instagram.com\/procarline\/"]}]}},"_links":{"self":[{"href":"https:\/\/procarline.de\/pl\/wp-json\/wp\/v2\/pages\/1766","targetHints":{"allow":["GET"]}}],"collection":[{"href":"https:\/\/procarline.de\/pl\/wp-json\/wp\/v2\/pages"}],"about":[{"href":"https:\/\/procarline.de\/pl\/wp-json\/wp\/v2\/types\/page"}],"author":[{"embeddable":true,"href":"https:\/\/procarline.de\/pl\/wp-json\/wp\/v2\/users\/1"}],"replies":[{"embeddable":true,"href":"https:\/\/procarline.de\/pl\/wp-json\/wp\/v2\/comments?post=1766"}],"version-history":[{"count":10,"href":"https:\/\/procarline.de\/pl\/wp-json\/wp\/v2\/pages\/1766\/revisions"}],"predecessor-version":[{"id":2074,"href":"https:\/\/procarline.de\/pl\/wp-json\/wp\/v2\/pages\/1766\/revisions\/2074"}],"wp:attachment":[{"href":"https:\/\/procarline.de\/pl\/wp-json\/wp\/v2\/media?parent=1766"}],"curies":[{"name":"wp","href":"https:\/\/api.w.org\/{rel}","templated":true}]}}