{"id":200,"date":"2024-09-13T12:02:30","date_gmt":"2024-09-13T10:02:30","guid":{"rendered":"https:\/\/procarline.de\/?page_id=200"},"modified":"2024-11-25T17:48:20","modified_gmt":"2024-11-25T16:48:20","slug":"pro-carline-2","status":"publish","type":"page","link":"https:\/\/procarline.de\/pl\/","title":{"rendered":"Strona g\u0142\u00f3wna"},"content":{"rendered":"","protected":false},"excerpt":{"rendered":"","protected":false},"author":1,"featured_media":0,"parent":0,"menu_order":0,"comment_status":"closed","ping_status":"closed","template":"","meta":{"footnotes":""},"class_list":["post-200","page","type-page","status-publish","hentry"],"yoast_head":"<!-- This site is optimized with the Yoast SEO plugin v27.3 - https:\/\/yoast.com\/product\/yoast-seo-wordpress\/ -->\n<title>PRO CARLINE - Die Autowerkstatt f\u00fcrs Besondere. Jetzt Termin vereinbaren!<\/title>\n<meta name=\"description\" content=\"Als freie Kfz-Meisterwerkstatt bieten wir Ihnen den kompletten Service rund um Ihr Fahrzeug, egal ob Verbrenner, E-Fahrzeug oder Hybrid-Fahrzeug und unabh\u00e4ngig vom Hersteller. Wir halten uns und unsere Werkstatt auf dem aktuellsten Stand, so dass wir gerne auch Wartungen und Reparaturen an Ihrem Neufahrzeug \u00fcbernehmen.\" \/>\n<meta name=\"robots\" content=\"index, follow, max-snippet:-1, max-image-preview:large, max-video-preview:-1\" \/>\n<link rel=\"canonical\" href=\"https:\/\/procarline.de\/pl\/\" \/>\n<meta property=\"og:locale\" content=\"pl_PL\" \/>\n<meta property=\"og:type\" content=\"article\" \/>\n<meta property=\"og:title\" content=\"PRO CARLINE - Die Autowerkstatt f\u00fcrs Besondere. Jetzt Termin vereinbaren!\" \/>\n<meta property=\"og:description\" content=\"Als freie Kfz-Meisterwerkstatt bieten wir Ihnen den kompletten Service rund um Ihr Fahrzeug, egal ob Verbrenner, E-Fahrzeug oder Hybrid-Fahrzeug und unabh\u00e4ngig vom Hersteller. Wir halten uns und unsere Werkstatt auf dem aktuellsten Stand, so dass wir gerne auch Wartungen und Reparaturen an Ihrem Neufahrzeug \u00fcbernehmen.\" \/>\n<meta property=\"og:url\" content=\"https:\/\/procarline.de\/pl\/\" \/>\n<meta property=\"og:site_name\" content=\"PRO CARLINE\" \/>\n<meta property=\"article:publisher\" content=\"https:\/\/www.facebook.com\/procarline.de\" \/>\n<meta property=\"article:modified_time\" content=\"2024-11-25T16:48:20+00:00\" \/>\n<meta property=\"og:image\" content=\"https:\/\/procarline.de\/wp-content\/uploads\/procarline-hero-startseite.jpg\" \/>\n\t<meta property=\"og:image:width\" content=\"1920\" \/>\n\t<meta property=\"og:image:height\" content=\"1280\" \/>\n\t<meta property=\"og:image:type\" content=\"image\/jpeg\" \/>\n<meta name=\"twitter:card\" content=\"summary_large_image\" \/>\n<script type=\"application\/ld+json\" class=\"yoast-schema-graph\">{\"@context\":\"https:\\\/\\\/schema.org\",\"@graph\":[{\"@type\":\"WebPage\",\"@id\":\"https:\\\/\\\/procarline.de\\\/\",\"url\":\"https:\\\/\\\/procarline.de\\\/\",\"name\":\"PRO CARLINE - Die Autowerkstatt f\u00fcrs Besondere. Jetzt Termin vereinbaren!\",\"isPartOf\":{\"@id\":\"https:\\\/\\\/procarline.de\\\/#website\"},\"datePublished\":\"2024-09-13T10:02:30+00:00\",\"dateModified\":\"2024-11-25T16:48:20+00:00\",\"description\":\"Als freie Kfz-Meisterwerkstatt bieten wir Ihnen den kompletten Service rund um Ihr Fahrzeug, egal ob Verbrenner, E-Fahrzeug oder Hybrid-Fahrzeug und unabh\u00e4ngig vom Hersteller. Wir halten uns und unsere Werkstatt auf dem aktuellsten Stand, so dass wir gerne auch Wartungen und Reparaturen an Ihrem Neufahrzeug \u00fcbernehmen.\",\"breadcrumb\":{\"@id\":\"https:\\\/\\\/procarline.de\\\/#breadcrumb\"},\"inLanguage\":\"pl-PL\",\"potentialAction\":[{\"@type\":\"ReadAction\",\"target\":[\"https:\\\/\\\/procarline.de\\\/\"]}]},{\"@type\":\"BreadcrumbList\",\"@id\":\"https:\\\/\\\/procarline.de\\\/#breadcrumb\",\"itemListElement\":[{\"@type\":\"ListItem\",\"position\":1,\"name\":\"Startseite\",\"item\":\"https:\\\/\\\/procarline.de\\\/\"},{\"@type\":\"ListItem\",\"position\":2,\"name\":\"Startseite\"}]},{\"@type\":\"WebSite\",\"@id\":\"https:\\\/\\\/procarline.de\\\/#website\",\"url\":\"https:\\\/\\\/procarline.de\\\/\",\"name\":\"PRO CARLINE\",\"description\":\"Die Autowerkstatt f\u00fcrs Besondere\",\"publisher\":{\"@id\":\"https:\\\/\\\/procarline.de\\\/#organization\"},\"alternateName\":\"PROCARLINE\",\"potentialAction\":[{\"@type\":\"SearchAction\",\"target\":{\"@type\":\"EntryPoint\",\"urlTemplate\":\"https:\\\/\\\/procarline.de\\\/?s={search_term_string}\"},\"query-input\":{\"@type\":\"PropertyValueSpecification\",\"valueRequired\":true,\"valueName\":\"search_term_string\"}}],\"inLanguage\":\"pl-PL\"},{\"@type\":\"Organization\",\"@id\":\"https:\\\/\\\/procarline.de\\\/#organization\",\"name\":\"PRO CARLINE\",\"alternateName\":\"PROCARLINE\",\"url\":\"https:\\\/\\\/procarline.de\\\/\",\"logo\":{\"@type\":\"ImageObject\",\"inLanguage\":\"pl-PL\",\"@id\":\"https:\\\/\\\/procarline.de\\\/#\\\/schema\\\/logo\\\/image\\\/\",\"url\":\"https:\\\/\\\/procarline.de\\\/wp-content\\\/uploads\\\/procarline-logo-blau-gelb.png\",\"contentUrl\":\"https:\\\/\\\/procarline.de\\\/wp-content\\\/uploads\\\/procarline-logo-blau-gelb.png\",\"width\":480,\"height\":260,\"caption\":\"PRO CARLINE\"},\"image\":{\"@id\":\"https:\\\/\\\/procarline.de\\\/#\\\/schema\\\/logo\\\/image\\\/\"},\"sameAs\":[\"https:\\\/\\\/www.facebook.com\\\/procarline.de\",\"https:\\\/\\\/www.instagram.com\\\/procarline\\\/\"]}]}<\/script>\n<!-- \/ Yoast SEO plugin. -->","yoast_head_json":{"title":"PRO CARLINE - Gara\u017c na co\u015b wyj\u0105tkowego. Um\u00f3w si\u0119 na spotkanie ju\u017c teraz!","description":"Jako niezale\u017cny g\u0142\u00f3wny warsztat samochodowy oferujemy kompleksow\u0105 obs\u0142ug\u0119 pojazdu, niezale\u017cnie od tego, czy jest to pojazd z silnikiem spalinowym, elektrycznym czy hybrydowym i niezale\u017cnie od producenta. Utrzymujemy siebie i nasz warsztat na bie\u017c\u0105co, dzi\u0119ki czemu z przyjemno\u015bci\u0105 przeprowadzamy r\u00f3wnie\u017c konserwacj\u0119 i naprawy nowego pojazdu.","robots":{"index":"index","follow":"follow","max-snippet":"max-snippet:-1","max-image-preview":"max-image-preview:large","max-video-preview":"max-video-preview:-1"},"canonical":"https:\/\/procarline.de\/pl\/","og_locale":"pl_PL","og_type":"article","og_title":"PRO CARLINE - Die Autowerkstatt f\u00fcrs Besondere. Jetzt Termin vereinbaren!","og_description":"Als freie Kfz-Meisterwerkstatt bieten wir Ihnen den kompletten Service rund um Ihr Fahrzeug, egal ob Verbrenner, E-Fahrzeug oder Hybrid-Fahrzeug und unabh\u00e4ngig vom Hersteller. Wir halten uns und unsere Werkstatt auf dem aktuellsten Stand, so dass wir gerne auch Wartungen und Reparaturen an Ihrem Neufahrzeug \u00fcbernehmen.","og_url":"https:\/\/procarline.de\/pl\/","og_site_name":"PRO CARLINE","article_publisher":"https:\/\/www.facebook.com\/procarline.de","article_modified_time":"2024-11-25T16:48:20+00:00","og_image":[{"width":1920,"height":1280,"url":"https:\/\/procarline.de\/wp-content\/uploads\/procarline-hero-startseite.jpg","type":"image\/jpeg"}],"twitter_card":"summary_large_image","schema":{"@context":"https:\/\/schema.org","@graph":[{"@type":"WebPage","@id":"https:\/\/procarline.de\/","url":"https:\/\/procarline.de\/","name":"PRO CARLINE - Gara\u017c na co\u015b wyj\u0105tkowego. Um\u00f3w si\u0119 na spotkanie ju\u017c teraz!","isPartOf":{"@id":"https:\/\/procarline.de\/#website"},"datePublished":"2024-09-13T10:02:30+00:00","dateModified":"2024-11-25T16:48:20+00:00","description":"Jako niezale\u017cny g\u0142\u00f3wny warsztat samochodowy oferujemy kompleksow\u0105 obs\u0142ug\u0119 pojazdu, niezale\u017cnie od tego, czy jest to pojazd z silnikiem spalinowym, elektrycznym czy hybrydowym i niezale\u017cnie od producenta. Utrzymujemy siebie i nasz warsztat na bie\u017c\u0105co, dzi\u0119ki czemu z przyjemno\u015bci\u0105 przeprowadzamy r\u00f3wnie\u017c konserwacj\u0119 i naprawy nowego pojazdu.","breadcrumb":{"@id":"https:\/\/procarline.de\/#breadcrumb"},"inLanguage":"pl-PL","potentialAction":[{"@type":"ReadAction","target":["https:\/\/procarline.de\/"]}]},{"@type":"BreadcrumbList","@id":"https:\/\/procarline.de\/#breadcrumb","itemListElement":[{"@type":"ListItem","position":1,"name":"Startseite","item":"https:\/\/procarline.de\/"},{"@type":"ListItem","position":2,"name":"Startseite"}]},{"@type":"WebSite","@id":"https:\/\/procarline.de\/#website","url":"https:\/\/procarline.de\/","name":"PRO CARLINE","description":"Gara\u017c na co\u015b wyj\u0105tkowego","publisher":{"@id":"https:\/\/procarline.de\/#organization"},"alternateName":"PROCARLINE","potentialAction":[{"@type":"SearchAction","target":{"@type":"EntryPoint","urlTemplate":"https:\/\/procarline.de\/?s={search_term_string}"},"query-input":{"@type":"PropertyValueSpecification","valueRequired":true,"valueName":"search_term_string"}}],"inLanguage":"pl-PL"},{"@type":"Organization","@id":"https:\/\/procarline.de\/#organization","name":"PRO CARLINE","alternateName":"PROCARLINE","url":"https:\/\/procarline.de\/","logo":{"@type":"ImageObject","inLanguage":"pl-PL","@id":"https:\/\/procarline.de\/#\/schema\/logo\/image\/","url":"https:\/\/procarline.de\/wp-content\/uploads\/procarline-logo-blau-gelb.png","contentUrl":"https:\/\/procarline.de\/wp-content\/uploads\/procarline-logo-blau-gelb.png","width":480,"height":260,"caption":"PRO CARLINE"},"image":{"@id":"https:\/\/procarline.de\/#\/schema\/logo\/image\/"},"sameAs":["https:\/\/www.facebook.com\/procarline.de","https:\/\/www.instagram.com\/procarline\/"]}]}},"_links":{"self":[{"href":"https:\/\/procarline.de\/pl\/wp-json\/wp\/v2\/pages\/200","targetHints":{"allow":["GET"]}}],"collection":[{"href":"https:\/\/procarline.de\/pl\/wp-json\/wp\/v2\/pages"}],"about":[{"href":"https:\/\/procarline.de\/pl\/wp-json\/wp\/v2\/types\/page"}],"author":[{"embeddable":true,"href":"https:\/\/procarline.de\/pl\/wp-json\/wp\/v2\/users\/1"}],"replies":[{"embeddable":true,"href":"https:\/\/procarline.de\/pl\/wp-json\/wp\/v2\/comments?post=200"}],"version-history":[{"count":1,"href":"https:\/\/procarline.de\/pl\/wp-json\/wp\/v2\/pages\/200\/revisions"}],"predecessor-version":[{"id":201,"href":"https:\/\/procarline.de\/pl\/wp-json\/wp\/v2\/pages\/200\/revisions\/201"}],"wp:attachment":[{"href":"https:\/\/procarline.de\/pl\/wp-json\/wp\/v2\/media?parent=200"}],"curies":[{"name":"wp","href":"https:\/\/api.w.org\/{rel}","templated":true}]}}