{"id":864,"date":"2024-09-23T16:23:22","date_gmt":"2024-09-23T14:23:22","guid":{"rendered":"https:\/\/procarline.de\/?page_id=864"},"modified":"2026-03-19T10:00:26","modified_gmt":"2026-03-19T09:00:26","slug":"szkolenia-i-miejsca-pracy","status":"publish","type":"page","link":"https:\/\/procarline.de\/pl\/ueber-uns\/ausbildung-und-jobs\/","title":{"rendered":"Szkolenia i miejsca pracy"},"content":{"rendered":"<div data-elementor-type=\"wp-page\" data-elementor-id=\"864\" class=\"elementor elementor-864\" data-elementor-post-type=\"page\">\n\t\t\t\t\t\t<section class=\"elementor-section elementor-top-section elementor-element elementor-element-80974d7 elementor-section-boxed elementor-section-height-default elementor-section-height-default\" data-id=\"80974d7\" data-element_type=\"section\" data-e-type=\"section\">\n\t\t\t\t\t\t<div class=\"elementor-container elementor-column-gap-default\">\n\t\t\t\t\t<div class=\"elementor-column elementor-col-50 elementor-top-column elementor-element elementor-element-e76a220\" data-id=\"e76a220\" data-element_type=\"column\" data-e-type=\"column\">\n\t\t\t<div class=\"elementor-widget-wrap elementor-element-populated\">\n\t\t\t\t\t\t<div class=\"elementor-element elementor-element-f7bd1c7 elementor-widget elementor-widget-heading\" data-id=\"f7bd1c7\" data-element_type=\"widget\" data-e-type=\"widget\" data-widget_type=\"heading.default\">\n\t\t\t\t<div class=\"elementor-widget-container\">\n\t\t\t\t\t<h2 class=\"elementor-heading-title elementor-size-default\">Kochasz samochody? <\/h2>\t\t\t\t<\/div>\n\t\t\t\t<\/div>\n\t\t\t\t<div class=\"elementor-element elementor-element-dfab542 elementor-widget elementor-widget-heading\" data-id=\"dfab542\" data-element_type=\"widget\" data-e-type=\"widget\" data-widget_type=\"heading.default\">\n\t\t\t\t<div class=\"elementor-widget-container\">\n\t\t\t\t\t<h3 class=\"elementor-heading-title elementor-size-default\"> Witamy w Pro Carline!<\/h3>\t\t\t\t<\/div>\n\t\t\t\t<\/div>\n\t\t\t\t<div class=\"elementor-element elementor-element-da137b9 elementor-widget elementor-widget-text-editor\" data-id=\"da137b9\" data-element_type=\"widget\" data-e-type=\"widget\" data-widget_type=\"text-editor.default\">\n\t\t\t\t<div class=\"elementor-widget-container\">\n\t\t\t\t\t\t\t\t\t<p>Jeste\u015bmy ma\u0142ym, przyjaznym zespo\u0142em, dla kt\u00f3rego kolegialno\u015b\u0107 jest szczeg\u00f3lnie wa\u017cna. U nas ka\u017cdy mo\u017ce polega\u0107 na ka\u017cdym i wszyscy dzia\u0142amy razem. Je\u015bli jeste\u015b mechanikiem samochodowym z sercem i dusz\u0105 i kochasz swoj\u0105 prac\u0119, nie mo\u017cemy si\u0119 doczeka\u0107, aby Ci\u0119 pozna\u0107.<\/p>\t\t\t\t\t\t\t\t<\/div>\n\t\t\t\t<\/div>\n\t\t\t\t\t<\/div>\n\t\t<\/div>\n\t\t\t\t<div class=\"elementor-column elementor-col-50 elementor-top-column elementor-element elementor-element-637c4a2\" data-id=\"637c4a2\" data-element_type=\"column\" data-e-type=\"column\">\n\t\t\t<div class=\"elementor-widget-wrap elementor-element-populated\">\n\t\t\t\t\t\t<div class=\"elementor-element elementor-element-650a760 elementor-widget elementor-widget-image\" data-id=\"650a760\" data-element_type=\"widget\" data-e-type=\"widget\" data-widget_type=\"image.default\">\n\t\t\t\t<div class=\"elementor-widget-container\">\n\t\t\t\t\t\t\t\t\t\t\t\t\t\t\t<img fetchpriority=\"high\" decoding=\"async\" width=\"800\" height=\"534\" src=\"https:\/\/procarline.de\/wp-content\/uploads\/procarline-ueber-uns-ausbildung-und-jobs-1024x683.jpg\" class=\"attachment-large size-large wp-image-1165\" alt=\"\" srcset=\"https:\/\/procarline.de\/wp-content\/uploads\/procarline-ueber-uns-ausbildung-und-jobs-1024x683.jpg 1024w, https:\/\/procarline.de\/wp-content\/uploads\/procarline-ueber-uns-ausbildung-und-jobs-300x200.jpg 300w, https:\/\/procarline.de\/wp-content\/uploads\/procarline-ueber-uns-ausbildung-und-jobs-768x512.jpg 768w, https:\/\/procarline.de\/wp-content\/uploads\/procarline-ueber-uns-ausbildung-und-jobs.jpg 1280w\" sizes=\"(max-width: 800px) 100vw, 800px\" \/>\t\t\t\t\t\t\t\t\t\t\t\t\t\t\t<\/div>\n\t\t\t\t<\/div>\n\t\t\t\t\t<\/div>\n\t\t<\/div>\n\t\t\t\t\t<\/div>\n\t\t<\/section>\n\t\t\t\t<section class=\"elementor-section elementor-top-section elementor-element elementor-element-bfa6e32 elementor-section-boxed elementor-section-height-default elementor-section-height-default\" data-id=\"bfa6e32\" data-element_type=\"section\" data-e-type=\"section\">\n\t\t\t\t\t\t<div class=\"elementor-container elementor-column-gap-default\">\n\t\t\t\t\t<div class=\"elementor-column elementor-col-100 elementor-top-column elementor-element elementor-element-e7dce81\" data-id=\"e7dce81\" data-element_type=\"column\" data-e-type=\"column\">\n\t\t\t<div class=\"elementor-widget-wrap elementor-element-populated\">\n\t\t\t\t\t\t<div class=\"elementor-element elementor-element-05f91be elementor-widget elementor-widget-accordion\" data-id=\"05f91be\" data-element_type=\"widget\" data-e-type=\"widget\" data-widget_type=\"accordion.default\">\n\t\t\t\t<div class=\"elementor-widget-container\">\n\t\t\t\t\t\t\t<div class=\"elementor-accordion\">\n\t\t\t\t\t\t\t<div class=\"elementor-accordion-item\">\n\t\t\t\t\t<div id=\"elementor-tab-title-6261\" class=\"elementor-tab-title\" data-tab=\"1\" role=\"button\" aria-controls=\"elementor-tab-content-6261\" aria-expanded=\"false\">\n\t\t\t\t\t\t\t\t\t\t\t\t\t<span class=\"elementor-accordion-icon elementor-accordion-icon-left\" aria-hidden=\"true\">\n\t\t\t\t\t\t\t\t\t\t\t\t\t\t\t<span class=\"elementor-accordion-icon-closed\"><i class=\"fas fa-plus\"><\/i><\/span>\n\t\t\t\t\t\t\t\t<span class=\"elementor-accordion-icon-opened\"><i class=\"fas fa-minus\"><\/i><\/span>\n\t\t\t\t\t\t\t\t\t\t\t\t\t\t<\/span>\n\t\t\t\t\t\t\t\t\t\t\t\t<a class=\"elementor-accordion-title\" tabindex=\"0\">Mechanik samochodowy (m\/k\/d)<\/a>\n\t\t\t\t\t<\/div>\n\t\t\t\t\t<div id=\"elementor-tab-content-6261\" class=\"elementor-tab-content elementor-clearfix\" data-tab=\"1\" role=\"region\" aria-labelledby=\"elementor-tab-title-6261\"><p>Kochasz samochody i prac\u0119 z nimi? Lubisz prac\u0119 w ma\u0142ym, zaanga\u017cowanym zespole i kontakt z klientem? Mo\u017cesz by\u0107 odpowiednim dodatkiem do naszego zespo\u0142u.<\/p><p>Szukamy najbli\u017cszej mo\u017cliwej daty dla\u00a0<\/p><h3>Mechanik samochodowy (m\/k\/d)<\/h3><p>To s\u0105 twoje zadania:<\/p><ul><li>Konserwacja i serwisowanie pojazd\u00f3w wszystkich marek<\/li><li>Doposa\u017cenie i uruchomienie akcesori\u00f3w i osprz\u0119tu<\/li><li>Nadwozia wszystkich marek<\/li><li>Specjalistyczna praca nad pojazdami elektrycznymi<\/li><li>Doradztwo i wsparcie klienta\/przygotowanie kosztorys\u00f3w<\/li><\/ul><p>Tw\u00f3j profil:<\/p><ul><li>Przeszkolony g\u0142\u00f3wny mechanik (m\/k\/d)\u00a0<\/li><li>Do\u015bwiadczenie w obs\u0142udze system\u00f3w diagnostyki silnika<\/li><li>Koordynacja proces\u00f3w warsztatowych<\/li><li>Zapewnienie jako\u015bci wykonania (odbi\u00f3r pojazdu)<\/li><li>Zarz\u0105dzanie i nadz\u00f3r techniczny nad monterami pojazd\u00f3w i sta\u017cystami komercyjnymi<\/li><\/ul><p>Czego mo\u017cesz si\u0119 spodziewa\u0107:<\/p><ul><li>Uczciwe wynagrodzenie<\/li><li>Umowa na czas nieokre\u015blony<\/li><li>Niezale\u017cna, zr\u00f3\u017cnicowana praca<\/li><li>\u015awietny zesp\u00f3\u0142 i przyjazna wsp\u00f3\u0142praca<\/li><\/ul><p>Chcesz sta\u0107 si\u0119 cz\u0119\u015bci\u0105 naszego zespo\u0142u? Aplikuj ju\u017c teraz <a href=\"mailto:info@procarline.de\"><strong>info@procarline.de<\/strong><\/a><\/p><\/div>\n\t\t\t\t<\/div>\n\t\t\t\t\t\t\t<div class=\"elementor-accordion-item\">\n\t\t\t\t\t<div id=\"elementor-tab-title-6262\" class=\"elementor-tab-title\" data-tab=\"2\" role=\"button\" aria-controls=\"elementor-tab-content-6262\" aria-expanded=\"false\">\n\t\t\t\t\t\t\t\t\t\t\t\t\t<span class=\"elementor-accordion-icon elementor-accordion-icon-left\" aria-hidden=\"true\">\n\t\t\t\t\t\t\t\t\t\t\t\t\t\t\t<span class=\"elementor-accordion-icon-closed\"><i class=\"fas fa-plus\"><\/i><\/span>\n\t\t\t\t\t\t\t\t<span class=\"elementor-accordion-icon-opened\"><i class=\"fas fa-minus\"><\/i><\/span>\n\t\t\t\t\t\t\t\t\t\t\t\t\t\t<\/span>\n\t\t\t\t\t\t\t\t\t\t\t\t<a class=\"elementor-accordion-title\" tabindex=\"0\">Konsultant ds. us\u0142ug (m\/k\/d)<\/a>\n\t\t\t\t\t<\/div>\n\t\t\t\t\t<div id=\"elementor-tab-content-6262\" class=\"elementor-tab-content elementor-clearfix\" data-tab=\"2\" role=\"region\" aria-labelledby=\"elementor-tab-title-6262\"><p>Kochasz samochody i prac\u0119 z nimi? Lubisz prac\u0119 w ma\u0142ym, zaanga\u017cowanym zespole i kontakt z klientem? Mo\u017cesz by\u0107 odpowiednim dodatkiem do naszego zespo\u0142u.<\/p><p>Szukamy najbli\u017cszej mo\u017cliwej daty dla\u00a0<\/p><h3>Konsultant ds. us\u0142ug (m\/k\/d)<\/h3><p>To s\u0105 twoje zadania:<\/p><ul><li>Obs\u0142uga klienta i przygotowywanie ofert<\/li><li>Planowanie\/akceptacja zam\u00f3wie\u0144<\/li><li>Koordynacja zam\u00f3wienia z warsztatem<\/li><li>Fakturowanie\/wyja\u015bnienie<\/li><li>Jazdy testowe<\/li><\/ul><p>Tw\u00f3j profil:<\/p><ul><li>Uko\u0144czone szkolenie jako mechanik pojazd\u00f3w silnikowych\/mechatronik, technik serwisu pojazd\u00f3w silnikowych lub mistrz mechanik.<\/li><li>Przyjazne nastawienie i ch\u0119\u0107 do pracy z klientami i w zespole<\/li><li>Dobre umiej\u0119tno\u015bci obs\u0142ugi komputera<\/li><\/ul><p>Czego mo\u017cesz si\u0119 spodziewa\u0107:<\/p><ul><li>Uczciwe wynagrodzenie<\/li><li>Umowa na czas nieokre\u015blony<\/li><li>Niezale\u017cna, zr\u00f3\u017cnicowana praca<\/li><li>\u015awietny zesp\u00f3\u0142 i przyjazna wsp\u00f3\u0142praca<\/li><\/ul><p>Chcesz sta\u0107 si\u0119 cz\u0119\u015bci\u0105 naszego zespo\u0142u? Aplikuj ju\u017c teraz <a href=\"mailto:info@procarline.de\"><strong>info@procarline.de<\/strong><\/a><\/p><\/div>\n\t\t\t\t<\/div>\n\t\t\t\t\t\t\t\t<\/div>\n\t\t\t\t\t\t<\/div>\n\t\t\t\t<\/div>\n\t\t\t\t\t<\/div>\n\t\t<\/div>\n\t\t\t\t\t<\/div>\n\t\t<\/section>\n\t\t\t\t<section class=\"elementor-section elementor-top-section elementor-element elementor-element-45586c0 elementor-section-boxed elementor-section-height-default elementor-section-height-default\" data-id=\"45586c0\" data-element_type=\"section\" data-e-type=\"section\">\n\t\t\t\t\t\t<div class=\"elementor-container elementor-column-gap-default\">\n\t\t\t\t\t<div class=\"elementor-column elementor-col-100 elementor-top-column elementor-element elementor-element-fd2ad48\" data-id=\"fd2ad48\" data-element_type=\"column\" data-e-type=\"column\" data-settings=\"{&quot;background_background&quot;:&quot;classic&quot;}\">\n\t\t\t<div class=\"elementor-widget-wrap elementor-element-populated\">\n\t\t\t\t\t\t<div class=\"elementor-element elementor-element-28c2205 elementor-widget elementor-widget-heading\" data-id=\"28c2205\" data-element_type=\"widget\" data-e-type=\"widget\" data-widget_type=\"heading.default\">\n\t\t\t\t<div class=\"elementor-widget-container\">\n\t\t\t\t\t<h5 class=\"elementor-heading-title elementor-size-default\">Jako mistrz mechaniki samochodowej regularnie szkolimy m\u0142odych ludzi w najlepszym zawodzie na \u015bwiecie. <\/h5>\t\t\t\t<\/div>\n\t\t\t\t<\/div>\n\t\t\t\t\t<\/div>\n\t\t<\/div>\n\t\t\t\t\t<\/div>\n\t\t<\/section>\n\t\t\t\t<section class=\"elementor-section elementor-top-section elementor-element elementor-element-02baa24 elementor-section-boxed elementor-section-height-default elementor-section-height-default\" data-id=\"02baa24\" data-element_type=\"section\" data-e-type=\"section\">\n\t\t\t\t\t\t<div class=\"elementor-container elementor-column-gap-default\">\n\t\t\t\t\t<div class=\"elementor-column elementor-col-50 elementor-top-column elementor-element elementor-element-2e7b157\" data-id=\"2e7b157\" data-element_type=\"column\" data-e-type=\"column\">\n\t\t\t<div class=\"elementor-widget-wrap elementor-element-populated\">\n\t\t\t\t\t\t<div class=\"elementor-element elementor-element-ed101c0 elementor-widget elementor-widget-text-editor\" data-id=\"ed101c0\" data-element_type=\"widget\" data-e-type=\"widget\" data-widget_type=\"text-editor.default\">\n\t\t\t\t<div class=\"elementor-widget-container\">\n\t\t\t\t\t\t\t\t\t<p>Zostali\u015bmy docenieni przez Izb\u0119 Rzemie\u015blnicz\u0105 w Dre\u017anie <strong>Przyk\u0142adowa firma szkoleniowa 2025\u00a0<\/strong> nagroda - mocny znak naszej jako\u015bci, naszego zaanga\u017cowania i naszej orientacji na przysz\u0142o\u015b\u0107. Opr\u00f3cz pierwszorz\u0119dnej obs\u0142ugi i profesjonalnej wiedzy <strong>Skupiamy si\u0119 na promowaniu m\u0142odych talent\u00f3w<\/strong> a tym samym zapewni\u0107 najwy\u017csze standardy w handlu w perspektywie d\u0142ugoterminowej.<\/p>\t\t\t\t\t\t\t\t<\/div>\n\t\t\t\t<\/div>\n\t\t\t\t\t<\/div>\n\t\t<\/div>\n\t\t\t\t<div class=\"elementor-column elementor-col-50 elementor-top-column elementor-element elementor-element-30f3ef5\" data-id=\"30f3ef5\" data-element_type=\"column\" data-e-type=\"column\">\n\t\t\t<div class=\"elementor-widget-wrap elementor-element-populated\">\n\t\t\t\t\t\t<div class=\"elementor-element elementor-element-b8f69da elementor-widget elementor-widget-image\" data-id=\"b8f69da\" data-element_type=\"widget\" data-e-type=\"widget\" data-widget_type=\"image.default\">\n\t\t\t\t<div class=\"elementor-widget-container\">\n\t\t\t\t\t\t\t\t\t\t\t\t\t\t\t<img decoding=\"async\" width=\"723\" height=\"425\" src=\"https:\/\/procarline.de\/wp-content\/uploads\/20260119-hwk_Logo-VorbildAusbildungsbetrieb-2025.jpg\" class=\"attachment-large size-large wp-image-2089\" alt=\"\" srcset=\"https:\/\/procarline.de\/wp-content\/uploads\/20260119-hwk_Logo-VorbildAusbildungsbetrieb-2025.jpg 723w, https:\/\/procarline.de\/wp-content\/uploads\/20260119-hwk_Logo-VorbildAusbildungsbetrieb-2025-300x176.jpg 300w, https:\/\/procarline.de\/wp-content\/uploads\/20260119-hwk_Logo-VorbildAusbildungsbetrieb-2025-18x12.jpg 18w\" sizes=\"(max-width: 723px) 100vw, 723px\" \/>\t\t\t\t\t\t\t\t\t\t\t\t\t\t\t<\/div>\n\t\t\t\t<\/div>\n\t\t\t\t\t<\/div>\n\t\t<\/div>\n\t\t\t\t\t<\/div>\n\t\t<\/section>\n\t\t\t\t<\/div>","protected":false},"excerpt":{"rendered":"<p>Du liebst Autos? Herzlich Willkommen bei Pro Carline! Wir sind ein kleines, feines Team, dem Kollegialit\u00e4t besonders wichtig ist. Bei uns kann sich jeder auf jeden verlassen und wir ziehen an einem Strang. Wenn du Kfz-Mechaniker mit Leib und Seele bist und deinen Job liebst, freuen wir uns darauf dich kennenzulernen. Kfz-Meister (m\/w\/d) Du liebst [&hellip;]<\/p>\n","protected":false},"author":1,"featured_media":1167,"parent":75,"menu_order":0,"comment_status":"closed","ping_status":"closed","template":"","meta":{"footnotes":""},"class_list":["post-864","page","type-page","status-publish","has-post-thumbnail","hentry"],"yoast_head":"<!-- This site is optimized with the Yoast SEO plugin v27.3 - https:\/\/yoast.com\/product\/yoast-seo-wordpress\/ -->\n<title>Ausbildung und Jobs - PRO CARLINE<\/title>\n<meta name=\"robots\" content=\"index, follow, max-snippet:-1, max-image-preview:large, max-video-preview:-1\" \/>\n<link rel=\"canonical\" href=\"https:\/\/procarline.de\/pl\/o-nas\/szkolenia-i-miejsca-pracy\/\" \/>\n<meta property=\"og:locale\" content=\"pl_PL\" \/>\n<meta property=\"og:type\" content=\"article\" \/>\n<meta property=\"og:title\" content=\"Ausbildung und Jobs - PRO CARLINE\" \/>\n<meta property=\"og:description\" content=\"Du liebst Autos? Herzlich Willkommen bei Pro Carline! Wir sind ein kleines, feines Team, dem Kollegialit\u00e4t besonders wichtig ist. Bei uns kann sich jeder auf jeden verlassen und wir ziehen an einem Strang. Wenn du Kfz-Mechaniker mit Leib und Seele bist und deinen Job liebst, freuen wir uns darauf dich kennenzulernen. Kfz-Meister (m\/w\/d) Du liebst [&hellip;]\" \/>\n<meta property=\"og:url\" content=\"https:\/\/procarline.de\/pl\/o-nas\/szkolenia-i-miejsca-pracy\/\" \/>\n<meta property=\"og:site_name\" content=\"PRO CARLINE\" \/>\n<meta property=\"article:publisher\" content=\"https:\/\/www.facebook.com\/procarline.de\" \/>\n<meta property=\"article:modified_time\" content=\"2026-03-19T09:00:26+00:00\" \/>\n<meta property=\"og:image\" content=\"https:\/\/procarline.de\/wp-content\/uploads\/procarline-ueber-uns-ausbildung-und-jobs-header.jpg\" \/>\n\t<meta property=\"og:image:width\" content=\"1920\" \/>\n\t<meta property=\"og:image:height\" content=\"250\" \/>\n\t<meta property=\"og:image:type\" content=\"image\/jpeg\" \/>\n<meta name=\"twitter:card\" content=\"summary_large_image\" \/>\n<meta name=\"twitter:label1\" content=\"Szacowany czas czytania\" \/>\n\t<meta name=\"twitter:data1\" content=\"3 minuty\" \/>\n<script type=\"application\/ld+json\" class=\"yoast-schema-graph\">{\"@context\":\"https:\\\/\\\/schema.org\",\"@graph\":[{\"@type\":\"WebPage\",\"@id\":\"https:\\\/\\\/procarline.de\\\/ueber-uns\\\/ausbildung-und-jobs\\\/\",\"url\":\"https:\\\/\\\/procarline.de\\\/ueber-uns\\\/ausbildung-und-jobs\\\/\",\"name\":\"Ausbildung und Jobs - PRO CARLINE\",\"isPartOf\":{\"@id\":\"https:\\\/\\\/procarline.de\\\/#website\"},\"primaryImageOfPage\":{\"@id\":\"https:\\\/\\\/procarline.de\\\/ueber-uns\\\/ausbildung-und-jobs\\\/#primaryimage\"},\"image\":{\"@id\":\"https:\\\/\\\/procarline.de\\\/ueber-uns\\\/ausbildung-und-jobs\\\/#primaryimage\"},\"thumbnailUrl\":\"https:\\\/\\\/procarline.de\\\/wp-content\\\/uploads\\\/procarline-ueber-uns-ausbildung-und-jobs-header.jpg\",\"datePublished\":\"2024-09-23T14:23:22+00:00\",\"dateModified\":\"2026-03-19T09:00:26+00:00\",\"breadcrumb\":{\"@id\":\"https:\\\/\\\/procarline.de\\\/ueber-uns\\\/ausbildung-und-jobs\\\/#breadcrumb\"},\"inLanguage\":\"pl-PL\",\"potentialAction\":[{\"@type\":\"ReadAction\",\"target\":[\"https:\\\/\\\/procarline.de\\\/ueber-uns\\\/ausbildung-und-jobs\\\/\"]}]},{\"@type\":\"ImageObject\",\"inLanguage\":\"pl-PL\",\"@id\":\"https:\\\/\\\/procarline.de\\\/ueber-uns\\\/ausbildung-und-jobs\\\/#primaryimage\",\"url\":\"https:\\\/\\\/procarline.de\\\/wp-content\\\/uploads\\\/procarline-ueber-uns-ausbildung-und-jobs-header.jpg\",\"contentUrl\":\"https:\\\/\\\/procarline.de\\\/wp-content\\\/uploads\\\/procarline-ueber-uns-ausbildung-und-jobs-header.jpg\",\"width\":1920,\"height\":250},{\"@type\":\"BreadcrumbList\",\"@id\":\"https:\\\/\\\/procarline.de\\\/ueber-uns\\\/ausbildung-und-jobs\\\/#breadcrumb\",\"itemListElement\":[{\"@type\":\"ListItem\",\"position\":1,\"name\":\"Startseite\",\"item\":\"https:\\\/\\\/procarline.de\\\/\"},{\"@type\":\"ListItem\",\"position\":2,\"name\":\"\u00dcber uns\",\"item\":\"https:\\\/\\\/procarline.de\\\/ueber-uns\\\/\"},{\"@type\":\"ListItem\",\"position\":3,\"name\":\"Ausbildung und Jobs\"}]},{\"@type\":\"WebSite\",\"@id\":\"https:\\\/\\\/procarline.de\\\/#website\",\"url\":\"https:\\\/\\\/procarline.de\\\/\",\"name\":\"PRO CARLINE\",\"description\":\"Die Autowerkstatt f\u00fcrs Besondere\",\"publisher\":{\"@id\":\"https:\\\/\\\/procarline.de\\\/#organization\"},\"alternateName\":\"PROCARLINE\",\"potentialAction\":[{\"@type\":\"SearchAction\",\"target\":{\"@type\":\"EntryPoint\",\"urlTemplate\":\"https:\\\/\\\/procarline.de\\\/?s={search_term_string}\"},\"query-input\":{\"@type\":\"PropertyValueSpecification\",\"valueRequired\":true,\"valueName\":\"search_term_string\"}}],\"inLanguage\":\"pl-PL\"},{\"@type\":\"Organization\",\"@id\":\"https:\\\/\\\/procarline.de\\\/#organization\",\"name\":\"PRO CARLINE\",\"alternateName\":\"PROCARLINE\",\"url\":\"https:\\\/\\\/procarline.de\\\/\",\"logo\":{\"@type\":\"ImageObject\",\"inLanguage\":\"pl-PL\",\"@id\":\"https:\\\/\\\/procarline.de\\\/#\\\/schema\\\/logo\\\/image\\\/\",\"url\":\"https:\\\/\\\/procarline.de\\\/wp-content\\\/uploads\\\/procarline-logo-blau-gelb.png\",\"contentUrl\":\"https:\\\/\\\/procarline.de\\\/wp-content\\\/uploads\\\/procarline-logo-blau-gelb.png\",\"width\":480,\"height\":260,\"caption\":\"PRO CARLINE\"},\"image\":{\"@id\":\"https:\\\/\\\/procarline.de\\\/#\\\/schema\\\/logo\\\/image\\\/\"},\"sameAs\":[\"https:\\\/\\\/www.facebook.com\\\/procarline.de\",\"https:\\\/\\\/www.instagram.com\\\/procarline\\\/\"]}]}<\/script>\n<!-- \/ Yoast SEO plugin. -->","yoast_head_json":{"title":"Szkolenia i oferty pracy - PRO CARLINE","robots":{"index":"index","follow":"follow","max-snippet":"max-snippet:-1","max-image-preview":"max-image-preview:large","max-video-preview":"max-video-preview:-1"},"canonical":"https:\/\/procarline.de\/pl\/o-nas\/szkolenia-i-miejsca-pracy\/","og_locale":"pl_PL","og_type":"article","og_title":"Ausbildung und Jobs - PRO CARLINE","og_description":"Du liebst Autos? Herzlich Willkommen bei Pro Carline! Wir sind ein kleines, feines Team, dem Kollegialit\u00e4t besonders wichtig ist. Bei uns kann sich jeder auf jeden verlassen und wir ziehen an einem Strang. Wenn du Kfz-Mechaniker mit Leib und Seele bist und deinen Job liebst, freuen wir uns darauf dich kennenzulernen. Kfz-Meister (m\/w\/d) Du liebst [&hellip;]","og_url":"https:\/\/procarline.de\/pl\/o-nas\/szkolenia-i-miejsca-pracy\/","og_site_name":"PRO CARLINE","article_publisher":"https:\/\/www.facebook.com\/procarline.de","article_modified_time":"2026-03-19T09:00:26+00:00","og_image":[{"width":1920,"height":250,"url":"https:\/\/procarline.de\/wp-content\/uploads\/procarline-ueber-uns-ausbildung-und-jobs-header.jpg","type":"image\/jpeg"}],"twitter_card":"summary_large_image","twitter_misc":{"Szacowany czas czytania":"3 minuty"},"schema":{"@context":"https:\/\/schema.org","@graph":[{"@type":"WebPage","@id":"https:\/\/procarline.de\/ueber-uns\/ausbildung-und-jobs\/","url":"https:\/\/procarline.de\/ueber-uns\/ausbildung-und-jobs\/","name":"Szkolenia i oferty pracy - PRO CARLINE","isPartOf":{"@id":"https:\/\/procarline.de\/#website"},"primaryImageOfPage":{"@id":"https:\/\/procarline.de\/ueber-uns\/ausbildung-und-jobs\/#primaryimage"},"image":{"@id":"https:\/\/procarline.de\/ueber-uns\/ausbildung-und-jobs\/#primaryimage"},"thumbnailUrl":"https:\/\/procarline.de\/wp-content\/uploads\/procarline-ueber-uns-ausbildung-und-jobs-header.jpg","datePublished":"2024-09-23T14:23:22+00:00","dateModified":"2026-03-19T09:00:26+00:00","breadcrumb":{"@id":"https:\/\/procarline.de\/ueber-uns\/ausbildung-und-jobs\/#breadcrumb"},"inLanguage":"pl-PL","potentialAction":[{"@type":"ReadAction","target":["https:\/\/procarline.de\/ueber-uns\/ausbildung-und-jobs\/"]}]},{"@type":"ImageObject","inLanguage":"pl-PL","@id":"https:\/\/procarline.de\/ueber-uns\/ausbildung-und-jobs\/#primaryimage","url":"https:\/\/procarline.de\/wp-content\/uploads\/procarline-ueber-uns-ausbildung-und-jobs-header.jpg","contentUrl":"https:\/\/procarline.de\/wp-content\/uploads\/procarline-ueber-uns-ausbildung-und-jobs-header.jpg","width":1920,"height":250},{"@type":"BreadcrumbList","@id":"https:\/\/procarline.de\/ueber-uns\/ausbildung-und-jobs\/#breadcrumb","itemListElement":[{"@type":"ListItem","position":1,"name":"Startseite","item":"https:\/\/procarline.de\/"},{"@type":"ListItem","position":2,"name":"\u00dcber uns","item":"https:\/\/procarline.de\/ueber-uns\/"},{"@type":"ListItem","position":3,"name":"Ausbildung und Jobs"}]},{"@type":"WebSite","@id":"https:\/\/procarline.de\/#website","url":"https:\/\/procarline.de\/","name":"PRO CARLINE","description":"Gara\u017c na co\u015b wyj\u0105tkowego","publisher":{"@id":"https:\/\/procarline.de\/#organization"},"alternateName":"PROCARLINE","potentialAction":[{"@type":"SearchAction","target":{"@type":"EntryPoint","urlTemplate":"https:\/\/procarline.de\/?s={search_term_string}"},"query-input":{"@type":"PropertyValueSpecification","valueRequired":true,"valueName":"search_term_string"}}],"inLanguage":"pl-PL"},{"@type":"Organization","@id":"https:\/\/procarline.de\/#organization","name":"PRO CARLINE","alternateName":"PROCARLINE","url":"https:\/\/procarline.de\/","logo":{"@type":"ImageObject","inLanguage":"pl-PL","@id":"https:\/\/procarline.de\/#\/schema\/logo\/image\/","url":"https:\/\/procarline.de\/wp-content\/uploads\/procarline-logo-blau-gelb.png","contentUrl":"https:\/\/procarline.de\/wp-content\/uploads\/procarline-logo-blau-gelb.png","width":480,"height":260,"caption":"PRO CARLINE"},"image":{"@id":"https:\/\/procarline.de\/#\/schema\/logo\/image\/"},"sameAs":["https:\/\/www.facebook.com\/procarline.de","https:\/\/www.instagram.com\/procarline\/"]}]}},"_links":{"self":[{"href":"https:\/\/procarline.de\/pl\/wp-json\/wp\/v2\/pages\/864","targetHints":{"allow":["GET"]}}],"collection":[{"href":"https:\/\/procarline.de\/pl\/wp-json\/wp\/v2\/pages"}],"about":[{"href":"https:\/\/procarline.de\/pl\/wp-json\/wp\/v2\/types\/page"}],"author":[{"embeddable":true,"href":"https:\/\/procarline.de\/pl\/wp-json\/wp\/v2\/users\/1"}],"replies":[{"embeddable":true,"href":"https:\/\/procarline.de\/pl\/wp-json\/wp\/v2\/comments?post=864"}],"version-history":[{"count":10,"href":"https:\/\/procarline.de\/pl\/wp-json\/wp\/v2\/pages\/864\/revisions"}],"predecessor-version":[{"id":2099,"href":"https:\/\/procarline.de\/pl\/wp-json\/wp\/v2\/pages\/864\/revisions\/2099"}],"up":[{"embeddable":true,"href":"https:\/\/procarline.de\/pl\/wp-json\/wp\/v2\/pages\/75"}],"wp:featuredmedia":[{"embeddable":true,"href":"https:\/\/procarline.de\/pl\/wp-json\/wp\/v2\/media\/1167"}],"wp:attachment":[{"href":"https:\/\/procarline.de\/pl\/wp-json\/wp\/v2\/media?parent=864"}],"curies":[{"name":"wp","href":"https:\/\/api.w.org\/{rel}","templated":true}]}}